{"id":3791,"date":"2013-04-13T06:24:03","date_gmt":"2013-04-13T04:24:03","guid":{"rendered":"https:\/\/kumihealing.com\/precos-acupunctura\/"},"modified":"2025-01-14T12:12:20","modified_gmt":"2025-01-14T11:12:20","slug":"precos-acupunctura","status":"publish","type":"page","link":"https:\/\/kumihealing.com\/pt-pt\/precos-acupunctura\/","title":{"rendered":"Pre\u00e7os de acupunctura"},"content":{"rendered":"[vc_row type=&#8221;in_container&#8221; full_screen_row_position=&#8221;middle&#8221; column_margin=&#8221;default&#8221; column_direction=&#8221;default&#8221; column_direction_tablet=&#8221;default&#8221; column_direction_phone=&#8221;default&#8221; scene_position=&#8221;center&#8221; text_color=&#8221;dark&#8221; text_align=&#8221;left&#8221; row_border_radius=&#8221;none&#8221; row_border_radius_applies=&#8221;bg&#8221; overlay_strength=&#8221;0.3&#8243; gradient_direction=&#8221;left_to_right&#8221; shape_divider_position=&#8221;bottom&#8221; bg_image_animation=&#8221;none&#8221;][vc_column column_padding=&#8221;no-extra-padding&#8221; column_padding_tablet=&#8221;inherit&#8221; column_padding_phone=&#8221;inherit&#8221; column_padding_position=&#8221;all&#8221; background_color_opacity=&#8221;1&#8243; background_hover_color_opacity=&#8221;1&#8243; column_shadow=&#8221;none&#8221; column_border_radius=&#8221;none&#8221; column_link_target=&#8221;_self&#8221; gradient_direction=&#8221;left_to_right&#8221; overlay_strength=&#8221;0.3&#8243; width=&#8221;1\/1&#8243; tablet_width_inherit=&#8221;default&#8221; tablet_text_alignment=&#8221;default&#8221; phone_text_alignment=&#8221;default&#8221; column_border_width=&#8221;none&#8221; column_border_style=&#8221;solid&#8221; bg_image_animation=&#8221;none&#8221;][vc_column_text]\n<h2 style=\"text-align: center;\">Veja abaixo os pre\u00e7os atuais para cada sess\u00e3o de\u00a0acupunctura e para o pacote de cessa\u00e7\u00e3o do tabagismo na <a href=\"https:\/\/kumihealing.com\/pt-pt\/sobre-kumi-healing-lagos-acupunctura\/\">Kumi Healing<\/a>.<\/h2>\n[\/vc_column_text][\/vc_column][\/vc_row][vc_row type=&#8221;in_container&#8221; full_screen_row_position=&#8221;middle&#8221; column_margin=&#8221;default&#8221; column_direction=&#8221;default&#8221; column_direction_tablet=&#8221;default&#8221; column_direction_phone=&#8221;default&#8221; scene_position=&#8221;center&#8221; top_padding=&#8221;40&#8243; text_color=&#8221;dark&#8221; text_align=&#8221;left&#8221; row_border_radius=&#8221;none&#8221; row_border_radius_applies=&#8221;bg&#8221; overlay_strength=&#8221;0.3&#8243; gradient_direction=&#8221;left_to_right&#8221; shape_divider_position=&#8221;bottom&#8221; bg_image_animation=&#8221;none&#8221;][vc_column column_padding=&#8221;no-extra-padding&#8221; column_padding_tablet=&#8221;inherit&#8221; column_padding_phone=&#8221;inherit&#8221; column_padding_position=&#8221;all&#8221; background_color_opacity=&#8221;1&#8243; background_hover_color_opacity=&#8221;1&#8243; column_shadow=&#8221;none&#8221; column_border_radius=&#8221;none&#8221; column_link_target=&#8221;_self&#8221; gradient_direction=&#8221;left_to_right&#8221; overlay_strength=&#8221;0.3&#8243; width=&#8221;1\/1&#8243; tablet_width_inherit=&#8221;default&#8221; tablet_text_alignment=&#8221;default&#8221; phone_text_alignment=&#8221;default&#8221; column_border_width=&#8221;none&#8221; column_border_style=&#8221;solid&#8221; bg_image_animation=&#8221;none&#8221;][pricing_table style=&#8221;default&#8221; columns=&#8221;4&#8243;][pricing_column color=&#8221;Accent-Color&#8221; title=&#8221;Primeira Consulta&#8221; price=&#8221;75&#8243; currency_symbol=&#8221;\u20ac&#8221; interval=&#8221;Por Sess\u00e3o&#8221; id=&#8221;1736852688668-0&#8243; tab_id=&#8221;1736852688668-4&#8243;]\n<ul class=\"features\">\n<li><a href=\"https:\/\/kumihealing.com\/pt-pt\/consulta-mtc-acupunctura-lagos\/\">Consulta aprofundada<\/a><\/li>\n<li>Diagnostico abdominal<\/li>\n<li><a href=\"https:\/\/kumihealing.com\/pt-pt\/treatments\/acupunctura-lagos-algarve\/\">Acupunctura<\/a><\/li>\n<li><a href=\"https:\/\/kumihealing.com\/pt-pt\/tratamentos-acupuntura-moxabustao-tuina-ventosaterapia-guasha-lagos\/\">Terapias conjuntivas de acupunctura<\/a><\/li>\n<li>90 &#8211; 105 minutos<\/li>\n<\/ul>\n<a class=\"nectar-button n-sc-button large accent-color regular-button\"  href=\"https:\/\/kumihealing.com\/pt-pt\/contactos-acupunctura-algarve\/\" data-color-override=\"false\" data-hover-color-override=\"false\" data-hover-text-color-override=\"#fff\"><span>Marcar consulta!<\/span><\/a>[\/pricing_column][pricing_column highlight=&#8221;true&#8221; color=&#8221;Accent-Color&#8221; title=&#8221;Consulta de Seguimento&#8221; price=&#8221;60&#8243; currency_symbol=&#8221;\u20ac&#8221; interval=&#8221;Por Sess\u00e3o&#8221; id=&#8221;1736852688684-9&#8243; tab_id=&#8221;1736852688685-6&#8243; highlight_reason=&#8221;Sess\u00e3o Regular&#8221;]\n<ul class=\"features\">\n<li>Entrevista curta<\/li>\n<li>Diagnostico abdominal<\/li>\n<li>Acupunctura<\/li>\n<li>Terapias conjuntivas de acupunctura<\/li>\n<li>60 &#8211; 75 minutos<\/li>\n<\/ul>\n<a class=\"nectar-button n-sc-button large accent-color regular-button\"  href=\"https:\/\/kumihealing.com\/pt-pt\/contactos-acupunctura-algarve\/\" data-color-override=\"false\" data-hover-color-override=\"false\" data-hover-text-color-override=\"#fff\"><span>Marcar Sess\u00e3o!<\/span><\/a>[\/pricing_column][pricing_column color=&#8221;Accent-Color&#8221; title=&#8221;Pacote Cessa\u00e7\u00e3o do Tabagismo&#8221; price=&#8221;320&#8243; currency_symbol=&#8221;\u20ac&#8221; interval=&#8221;7 Sess\u00f5es&#8221; id=&#8221;1736852688694-0&#8243; tab_id=&#8221;1736852688695-2&#8243;]\n<ul class=\"features\">\n<li>Entrevista\u00a0aprofundada<\/li>\n<li>Diagnostico abdominal<\/li>\n<li>Acupunctura<\/li>\n<li>Acupunctura Auricular<\/li>\n<li><a href=\"https:\/\/kumihealing.com\/pt-pt\/treatments\/moxabustao-moxa-medicina-chinesa-lagos-algarve\/\">Moxabust\u00e3o<\/a><\/li>\n<li>Outras terapias conjuntivas<\/li>\n<li>Primeira C. 90 &#8211; 105 min; Seguinte C. 60 &#8211; 75 min<\/li>\n<\/ul>\n<a class=\"nectar-button n-sc-button large accent-color regular-button\"  href=\"https:\/\/kumihealing.com\/pt-pt\/contactos-acupunctura-algarve\/\" data-color-override=\"false\" data-hover-color-override=\"false\" data-hover-text-color-override=\"#fff\"><span>Marque o seu Pacote!<\/span><\/a>[\/pricing_column][\/pricing_table][\/vc_column][\/vc_row]\n","protected":false},"excerpt":{"rendered":"<p>[vc_row type=&#8221;in_container&#8221; full_screen_row_position=&#8221;middle&#8221; column_margin=&#8221;default&#8221; column_direction=&#8221;default&#8221; column_direction_tablet=&#8221;default&#8221; column_direction_phone=&#8221;default&#8221; scene_position=&#8221;center&#8221; text_color=&#8221;dark&#8221; text_align=&#8221;left&#8221; row_border_radius=&#8221;none&#8221; row_border_radius_applies=&#8221;bg&#8221; overlay_strength=&#8221;0.3&#8243; gradient_direction=&#8221;left_to_right&#8221; shape_divider_position=&#8221;bottom&#8221; bg_image_animation=&#8221;none&#8221;][vc_column column_padding=&#8221;no-extra-padding&#8221; column_padding_tablet=&#8221;inherit&#8221; column_padding_phone=&#8221;inherit&#8221; column_padding_position=&#8221;all&#8221; background_color_opacity=&#8221;1&#8243; background_hover_color_opacity=&#8221;1&#8243; column_shadow=&#8221;none&#8221; column_border_radius=&#8221;none&#8221; column_link_target=&#8221;_self&#8221; gradient_direction=&#8221;left_to_right&#8221; overlay_strength=&#8221;0.3&#8243; width=&#8221;1\/1&#8243; tablet_width_inherit=&#8221;default&#8221; tablet_text_alignment=&#8221;default&#8221;&#8230;<\/p>\n","protected":false},"author":1,"featured_media":0,"parent":0,"menu_order":37,"comment_status":"open","ping_status":"open","template":"","meta":{"footnotes":""},"class_list":["post-3791","page","type-page","status-publish"],"yoast_head":"<!-- This site is optimized with the Yoast SEO plugin v25.1 - https:\/\/yoast.com\/wordpress\/plugins\/seo\/ -->\n<title>Pre\u00e7os de acupunctura - cl\u00ednica de acupunctura em Lagos Algarve<\/title>\n<meta name=\"description\" content=\"Pre\u00e7os de acupunctura - A lista dos pre\u00e7os de acupunctura e do pacote de cessa\u00e7\u00e3o do tabagismo na Kumi Healing - cl\u00ednica de acupunctura em Lagos Algarve\" \/>\n<meta name=\"robots\" content=\"index, follow, max-snippet:-1, max-image-preview:large, max-video-preview:-1\" \/>\n<link rel=\"canonical\" href=\"https:\/\/kumihealing.com\/pt-pt\/precos-acupunctura\/\" \/>\n<meta property=\"og:locale\" content=\"pt_PT\" \/>\n<meta property=\"og:type\" content=\"article\" \/>\n<meta property=\"og:title\" content=\"Pre\u00e7os de acupunctura - cl\u00ednica de acupunctura em Lagos Algarve\" \/>\n<meta property=\"og:description\" content=\"Pre\u00e7os de acupunctura - A lista dos pre\u00e7os de acupunctura e do pacote de cessa\u00e7\u00e3o do tabagismo na Kumi Healing - cl\u00ednica de acupunctura em Lagos Algarve\" \/>\n<meta property=\"og:url\" content=\"https:\/\/kumihealing.com\/pt-pt\/precos-acupunctura\/\" \/>\n<meta property=\"og:site_name\" content=\"Acupuncture Lagos - ancient medicine for a modern world\" \/>\n<meta property=\"article:publisher\" content=\"https:\/\/www.facebook.com\/Kumi-Healing-424979000904833\/\" \/>\n<meta property=\"article:modified_time\" content=\"2025-01-14T11:12:20+00:00\" \/>\n<meta property=\"og:image\" content=\"https:\/\/kumihealing.com\/wp-content\/uploads\/2018\/01\/kumihealing-og-facebook.jpg\" \/>\n\t<meta property=\"og:image:width\" content=\"1200\" \/>\n\t<meta property=\"og:image:height\" content=\"801\" \/>\n\t<meta property=\"og:image:type\" content=\"image\/jpeg\" \/>\n<meta name=\"twitter:card\" content=\"summary_large_image\" \/>\n<meta name=\"twitter:site\" content=\"@kumihealing\" \/>\n<meta name=\"twitter:label1\" content=\"Tempo estimado de leitura\" \/>\n\t<meta name=\"twitter:data1\" content=\"1 minuto\" \/>\n<script type=\"application\/ld+json\" class=\"yoast-schema-graph\">{\"@context\":\"https:\/\/schema.org\",\"@graph\":[{\"@type\":\"WebPage\",\"@id\":\"https:\/\/kumihealing.com\/pt-pt\/precos-acupunctura\/\",\"url\":\"https:\/\/kumihealing.com\/pt-pt\/precos-acupunctura\/\",\"name\":\"Pre\u00e7os de acupunctura - cl\u00ednica de acupunctura em Lagos Algarve\",\"isPartOf\":{\"@id\":\"https:\/\/kumihealing.com\/#website\"},\"datePublished\":\"2013-04-13T04:24:03+00:00\",\"dateModified\":\"2025-01-14T11:12:20+00:00\",\"description\":\"Pre\u00e7os de acupunctura - A lista dos pre\u00e7os de acupunctura e do pacote de cessa\u00e7\u00e3o do tabagismo na Kumi Healing - cl\u00ednica de acupunctura em Lagos Algarve\",\"breadcrumb\":{\"@id\":\"https:\/\/kumihealing.com\/pt-pt\/precos-acupunctura\/#breadcrumb\"},\"inLanguage\":\"pt-PT\",\"potentialAction\":[{\"@type\":\"ReadAction\",\"target\":[\"https:\/\/kumihealing.com\/pt-pt\/precos-acupunctura\/\"]}]},{\"@type\":\"BreadcrumbList\",\"@id\":\"https:\/\/kumihealing.com\/pt-pt\/precos-acupunctura\/#breadcrumb\",\"itemListElement\":[{\"@type\":\"ListItem\",\"position\":1,\"name\":\"Home\",\"item\":\"https:\/\/kumihealing.com\/pt-pt\/\"},{\"@type\":\"ListItem\",\"position\":2,\"name\":\"Pre\u00e7os de acupunctura\"}]},{\"@type\":\"WebSite\",\"@id\":\"https:\/\/kumihealing.com\/#website\",\"url\":\"https:\/\/kumihealing.com\/\",\"name\":\"Acupuncture Lagos - ancient medicine for a modern world\",\"description\":\"Acupuncture Lagos - Welcome to Kumi Healing, a traditional acupuncture practice in the heart of Lagos to help you get well and stay well all year round.\",\"publisher\":{\"@id\":\"https:\/\/kumihealing.com\/#organization\"},\"potentialAction\":[{\"@type\":\"SearchAction\",\"target\":{\"@type\":\"EntryPoint\",\"urlTemplate\":\"https:\/\/kumihealing.com\/?s={search_term_string}\"},\"query-input\":{\"@type\":\"PropertyValueSpecification\",\"valueRequired\":true,\"valueName\":\"search_term_string\"}}],\"inLanguage\":\"pt-PT\"},{\"@type\":\"Organization\",\"@id\":\"https:\/\/kumihealing.com\/#organization\",\"name\":\"Kumi Healing\",\"url\":\"https:\/\/kumihealing.com\/\",\"logo\":{\"@type\":\"ImageObject\",\"inLanguage\":\"pt-PT\",\"@id\":\"https:\/\/kumihealing.com\/#\/schema\/logo\/image\/\",\"url\":\"https:\/\/kumihealing.com\/wp-content\/uploads\/2017\/03\/Logo_kumihealing_1.png\",\"contentUrl\":\"https:\/\/kumihealing.com\/wp-content\/uploads\/2017\/03\/Logo_kumihealing_1.png\",\"width\":1167,\"height\":332,\"caption\":\"Kumi Healing\"},\"image\":{\"@id\":\"https:\/\/kumihealing.com\/#\/schema\/logo\/image\/\"},\"sameAs\":[\"https:\/\/www.facebook.com\/Kumi-Healing-424979000904833\/\",\"https:\/\/x.com\/kumihealing\"]}]}<\/script>\n<!-- \/ Yoast SEO plugin. -->","yoast_head_json":{"title":"Pre\u00e7os de acupunctura - cl\u00ednica de acupunctura em Lagos Algarve","description":"Pre\u00e7os de acupunctura - A lista dos pre\u00e7os de acupunctura e do pacote de cessa\u00e7\u00e3o do tabagismo na Kumi Healing - cl\u00ednica de acupunctura em Lagos Algarve","robots":{"index":"index","follow":"follow","max-snippet":"max-snippet:-1","max-image-preview":"max-image-preview:large","max-video-preview":"max-video-preview:-1"},"canonical":"https:\/\/kumihealing.com\/pt-pt\/precos-acupunctura\/","og_locale":"pt_PT","og_type":"article","og_title":"Pre\u00e7os de acupunctura - cl\u00ednica de acupunctura em Lagos Algarve","og_description":"Pre\u00e7os de acupunctura - A lista dos pre\u00e7os de acupunctura e do pacote de cessa\u00e7\u00e3o do tabagismo na Kumi Healing - cl\u00ednica de acupunctura em Lagos Algarve","og_url":"https:\/\/kumihealing.com\/pt-pt\/precos-acupunctura\/","og_site_name":"Acupuncture Lagos - ancient medicine for a modern world","article_publisher":"https:\/\/www.facebook.com\/Kumi-Healing-424979000904833\/","article_modified_time":"2025-01-14T11:12:20+00:00","og_image":[{"width":1200,"height":801,"url":"https:\/\/kumihealing.com\/wp-content\/uploads\/2018\/01\/kumihealing-og-facebook.jpg","type":"image\/jpeg"}],"twitter_card":"summary_large_image","twitter_site":"@kumihealing","twitter_misc":{"Tempo estimado de leitura":"1 minuto"},"schema":{"@context":"https:\/\/schema.org","@graph":[{"@type":"WebPage","@id":"https:\/\/kumihealing.com\/pt-pt\/precos-acupunctura\/","url":"https:\/\/kumihealing.com\/pt-pt\/precos-acupunctura\/","name":"Pre\u00e7os de acupunctura - cl\u00ednica de acupunctura em Lagos Algarve","isPartOf":{"@id":"https:\/\/kumihealing.com\/#website"},"datePublished":"2013-04-13T04:24:03+00:00","dateModified":"2025-01-14T11:12:20+00:00","description":"Pre\u00e7os de acupunctura - A lista dos pre\u00e7os de acupunctura e do pacote de cessa\u00e7\u00e3o do tabagismo na Kumi Healing - cl\u00ednica de acupunctura em Lagos Algarve","breadcrumb":{"@id":"https:\/\/kumihealing.com\/pt-pt\/precos-acupunctura\/#breadcrumb"},"inLanguage":"pt-PT","potentialAction":[{"@type":"ReadAction","target":["https:\/\/kumihealing.com\/pt-pt\/precos-acupunctura\/"]}]},{"@type":"BreadcrumbList","@id":"https:\/\/kumihealing.com\/pt-pt\/precos-acupunctura\/#breadcrumb","itemListElement":[{"@type":"ListItem","position":1,"name":"Home","item":"https:\/\/kumihealing.com\/pt-pt\/"},{"@type":"ListItem","position":2,"name":"Pre\u00e7os de acupunctura"}]},{"@type":"WebSite","@id":"https:\/\/kumihealing.com\/#website","url":"https:\/\/kumihealing.com\/","name":"Acupuncture Lagos - ancient medicine for a modern world","description":"Acupuncture Lagos - Welcome to Kumi Healing, a traditional acupuncture practice in the heart of Lagos to help you get well and stay well all year round.","publisher":{"@id":"https:\/\/kumihealing.com\/#organization"},"potentialAction":[{"@type":"SearchAction","target":{"@type":"EntryPoint","urlTemplate":"https:\/\/kumihealing.com\/?s={search_term_string}"},"query-input":{"@type":"PropertyValueSpecification","valueRequired":true,"valueName":"search_term_string"}}],"inLanguage":"pt-PT"},{"@type":"Organization","@id":"https:\/\/kumihealing.com\/#organization","name":"Kumi Healing","url":"https:\/\/kumihealing.com\/","logo":{"@type":"ImageObject","inLanguage":"pt-PT","@id":"https:\/\/kumihealing.com\/#\/schema\/logo\/image\/","url":"https:\/\/kumihealing.com\/wp-content\/uploads\/2017\/03\/Logo_kumihealing_1.png","contentUrl":"https:\/\/kumihealing.com\/wp-content\/uploads\/2017\/03\/Logo_kumihealing_1.png","width":1167,"height":332,"caption":"Kumi Healing"},"image":{"@id":"https:\/\/kumihealing.com\/#\/schema\/logo\/image\/"},"sameAs":["https:\/\/www.facebook.com\/Kumi-Healing-424979000904833\/","https:\/\/x.com\/kumihealing"]}]}},"_links":{"self":[{"href":"https:\/\/kumihealing.com\/pt-pt\/wp-json\/wp\/v2\/pages\/3791","targetHints":{"allow":["GET"]}}],"collection":[{"href":"https:\/\/kumihealing.com\/pt-pt\/wp-json\/wp\/v2\/pages"}],"about":[{"href":"https:\/\/kumihealing.com\/pt-pt\/wp-json\/wp\/v2\/types\/page"}],"author":[{"embeddable":true,"href":"https:\/\/kumihealing.com\/pt-pt\/wp-json\/wp\/v2\/users\/1"}],"replies":[{"embeddable":true,"href":"https:\/\/kumihealing.com\/pt-pt\/wp-json\/wp\/v2\/comments?post=3791"}],"version-history":[{"count":10,"href":"https:\/\/kumihealing.com\/pt-pt\/wp-json\/wp\/v2\/pages\/3791\/revisions"}],"predecessor-version":[{"id":4397,"href":"https:\/\/kumihealing.com\/pt-pt\/wp-json\/wp\/v2\/pages\/3791\/revisions\/4397"}],"wp:attachment":[{"href":"https:\/\/kumihealing.com\/pt-pt\/wp-json\/wp\/v2\/media?parent=3791"}],"curies":[{"name":"wp","href":"https:\/\/api.w.org\/{rel}","templated":true}]}}