{"id":3541,"date":"2016-12-22T16:39:15","date_gmt":"2016-12-22T15:39:15","guid":{"rendered":"https:\/\/kumihealing.com\/tratamentos-lagos\/"},"modified":"2018-01-05T19:38:43","modified_gmt":"2018-01-05T18:38:43","slug":"tratamentos-acupuntura-moxabustao-tuina-ventosaterapia-guasha-lagos","status":"publish","type":"page","link":"https:\/\/kumihealing.com\/pt-pt\/tratamentos-acupuntura-moxabustao-tuina-ventosaterapia-guasha-lagos\/","title":{"rendered":"Tratamentos"},"content":{"rendered":"[vc_row type=&#8221;in_container&#8221; full_screen_row_position=&#8221;middle&#8221; scene_position=&#8221;center&#8221; text_color=&#8221;dark&#8221; text_align=&#8221;left&#8221; top_padding=&#8221;50&#8243; bottom_padding=&#8221;50&#8243; overlay_strength=&#8221;0.3&#8243;][vc_column column_padding=&#8221;no-extra-padding&#8221; column_padding_position=&#8221;all&#8221; background_color_opacity=&#8221;1&#8243; background_hover_color_opacity=&#8221;1&#8243; width=&#8221;1\/1&#8243; tablet_text_alignment=&#8221;default&#8221; phone_text_alignment=&#8221;default&#8221;][divider line_type=&#8221;No Line&#8221; custom_height=&#8221;30&#8243;][vc_column_text]\n<h2 style=\"text-align: center;\">Os links a seguir fornecem breves descri\u00e7\u00f5es dos tratamentos de <a href=\"https:\/\/kumihealing.com\/pt-pt\/treatments\/acupunctura-lagos-algarve\/\">acupunctura<\/a>. Note que estas t\u00e9cnicas de cura s\u00e3o constituintes de um programa hol\u00edstico adaptado \u00e0s necessidades individuais do paciente e muitas vezes usadas em conjunto, ao inv\u00e9s de especializa\u00e7\u00f5es distintas.<\/h2>\n[\/vc_column_text][divider line_type=&#8221;No Line&#8221; custom_height=&#8221;30&#8243;][\/vc_column][\/vc_row][vc_row type=&#8221;full_width_background&#8221; full_screen_row_position=&#8221;middle&#8221; bg_color=&#8221;#ffffff&#8221; scene_position=&#8221;center&#8221; text_color=&#8221;dark&#8221; text_align=&#8221;left&#8221; top_padding=&#8221;90&#8243; bottom_padding=&#8221;90&#8243; overlay_strength=&#8221;0.3&#8243;][vc_column column_padding=&#8221;no-extra-padding&#8221; column_padding_position=&#8221;all&#8221; background_color_opacity=&#8221;1&#8243; background_hover_color_opacity=&#8221;1&#8243; width=&#8221;1\/1&#8243; tablet_text_alignment=&#8221;default&#8221; phone_text_alignment=&#8221;default&#8221;]\t\t\t\t\r\n\t\t\t\t\r\n\t\t\t\t\r\n\t\t\t\t<div class=\"portfolio-wrap spaced\">\r\n\t\t\t\t\t\r\n\t\t\t\t\t\t\t\t\t\t\r\n\t\t\t\t\t<span class=\"portfolio-loading  spin\">   <\/span>\r\n\t\t\t\t\t\r\n\t\t\t\t\t\t\t\t\t\t\r\n\t\t\t\t\t<div class=\"row portfolio-items no-masonry  \"  data-masonry-type=\"default\" data-ps=\"6\" data-starting-filter=\"\" data-gutter=\"default\" data-categories-to-show=\"\" data-bypass-cropping=\"\" data-lightbox-only=\"0\" data-col-num=\"elastic\">\r\n\t\t\t\t\t\t\t\t\t\t\t\t\r\n\t\t\t\t\t\t\t\t\t\t\t\t\r\n\t\t\t\t\t\t<div class=\"col elastic-portfolio-item  element tratamentos \"  data-project-cat=\"tratamentos \" data-default-color=\"true\" data-title-color=\"\" data-subtitle-color=\"\">\r\n\t\t\t\t\t\t\t\r\n\t\t\t\t\t\t\t<div class=\"inner-wrap animated\" data-animation=\"none\">\r\n\t\t\t\t\t\t\t\t\r\n\t\t\t\t\t\t\t\t\t\t\t\t\t\t\t\t\t\r\n\t\t\t\t\t\t\t\t\t<div class=\"work-item style-5\" data-custom-content=\"off\" data-text-align=\"middle\">\r\n\t\t\t\t\t\t\t\t\t\t\r\n\t\t\t\t\t\t\t\t\t\t<img decoding=\"async\" class=\"sizer skip-lazy\" src=\"https:\/\/kumihealing.com\/wp-content\/uploads\/2013\/12\/acupunctura-tradicional.lagos-algarve-mtc.jpg\" alt=\"Acupunctura\" \/><div class=\"parallaxImg\"><div class=\"parallaxImg-layer\" data-img=\"https:\/\/kumihealing.com\/wp-content\/uploads\/2013\/12\/acupunctura-tradicional.lagos-algarve-mtc.jpg\"><\/div><div class=\"parallaxImg-layer\"><div class=\"bg-overlay\"><\/div> <div class=\"work-meta\"><div class=\"inner\">\t<h4 class=\"title\"> Acupunctura<\/h4><\/div><\/div><\/div><\/div>\t\t\t\t\t\t\t\t\t\t\t\r\n\t\t\t\t\t\t\t\t\t\t\t<a href=\"https:\/\/kumihealing.com\/pt-pt\/treatments\/acupunctura-lagos-algarve\/\"><\/a>\r\n\t\t\t\t\t\t\t\t\t\t\t\r\n\t\t\t\t\t\t\t\t\t\t\t\t\t\t\t\t\t\t\t\t\r\n\t\t\t\t\t\t\t\t\t\t\r\n\t\t\t\t\t\t\t\t\t<\/div><!--work-item-->\r\n\t\t\t\t\t\t\t\t\t\r\n\t\t\t\t\t\t\t\t\t\r\n\t\t\t\t\t\t\t\t\t\r\n\t\t\t\t\t\t\t\t\t\t\t\t\t\t\t\t\r\n\t\t\t\t\t\t\t\t\r\n\t\t\t\t\t\t\t<\/div><!--\/inner-wrap-->\r\n\t\t\t\t\t\t<\/div><!--\/col-->\r\n\t\t\t\t\t\t\r\n\t\t\t\t\t\t\t\t\t\t\t\r\n\t\t\t\t\t\t\t\t\t\t\t\t\r\n\t\t\t\t\t\t<div class=\"col elastic-portfolio-item  element tratamentos \"  data-project-cat=\"tratamentos \" data-default-color=\"true\" data-title-color=\"\" data-subtitle-color=\"\">\r\n\t\t\t\t\t\t\t\r\n\t\t\t\t\t\t\t<div class=\"inner-wrap animated\" data-animation=\"none\">\r\n\t\t\t\t\t\t\t\t\r\n\t\t\t\t\t\t\t\t\t\t\t\t\t\t\t\t\t\r\n\t\t\t\t\t\t\t\t\t<div class=\"work-item style-5\" data-custom-content=\"off\" data-text-align=\"middle\">\r\n\t\t\t\t\t\t\t\t\t\t\r\n\t\t\t\t\t\t\t\t\t\t<img decoding=\"async\" class=\"sizer skip-lazy\" src=\"https:\/\/kumihealing.com\/wp-content\/uploads\/2013\/12\/moxabustao-tratamento-lagos-algarve-mtc.jpg\" alt=\"Moxabust\u00e3o\" \/><div class=\"parallaxImg\"><div class=\"parallaxImg-layer\" data-img=\"https:\/\/kumihealing.com\/wp-content\/uploads\/2013\/12\/moxabustao-tratamento-lagos-algarve-mtc.jpg\"><\/div><div class=\"parallaxImg-layer\"><div class=\"bg-overlay\"><\/div> <div class=\"work-meta\"><div class=\"inner\">\t<h4 class=\"title\"> Moxabust\u00e3o<\/h4><\/div><\/div><\/div><\/div>\t\t\t\t\t\t\t\t\t\t\t\r\n\t\t\t\t\t\t\t\t\t\t\t<a href=\"https:\/\/kumihealing.com\/pt-pt\/treatments\/moxabustao-moxa-medicina-chinesa-lagos-algarve\/\"><\/a>\r\n\t\t\t\t\t\t\t\t\t\t\t\r\n\t\t\t\t\t\t\t\t\t\t\t\t\t\t\t\t\t\t\t\t\r\n\t\t\t\t\t\t\t\t\t\t\r\n\t\t\t\t\t\t\t\t\t<\/div><!--work-item-->\r\n\t\t\t\t\t\t\t\t\t\r\n\t\t\t\t\t\t\t\t\t\r\n\t\t\t\t\t\t\t\t\t\r\n\t\t\t\t\t\t\t\t\t\t\t\t\t\t\t\t\r\n\t\t\t\t\t\t\t\t\r\n\t\t\t\t\t\t\t<\/div><!--\/inner-wrap-->\r\n\t\t\t\t\t\t<\/div><!--\/col-->\r\n\t\t\t\t\t\t\r\n\t\t\t\t\t\t\t\t\t\t\t\r\n\t\t\t\t\t\t\t\t\t\t\t\t\r\n\t\t\t\t\t\t<div class=\"col elastic-portfolio-item  element tratamentos \"  data-project-cat=\"tratamentos \" data-default-color=\"true\" data-title-color=\"\" data-subtitle-color=\"\">\r\n\t\t\t\t\t\t\t\r\n\t\t\t\t\t\t\t<div class=\"inner-wrap animated\" data-animation=\"none\">\r\n\t\t\t\t\t\t\t\t\r\n\t\t\t\t\t\t\t\t\t\t\t\t\t\t\t\t\t\r\n\t\t\t\t\t\t\t\t\t<div class=\"work-item style-5\" data-custom-content=\"off\" data-text-align=\"middle\">\r\n\t\t\t\t\t\t\t\t\t\t\r\n\t\t\t\t\t\t\t\t\t\t<img decoding=\"async\" class=\"sizer skip-lazy\" src=\"https:\/\/kumihealing.com\/wp-content\/uploads\/2013\/12\/ventosaterapia-lagos-algarve-mtc.jpg\" alt=\"Ventosaterapia\" \/><div class=\"parallaxImg\"><div class=\"parallaxImg-layer\" data-img=\"https:\/\/kumihealing.com\/wp-content\/uploads\/2013\/12\/ventosaterapia-lagos-algarve-mtc.jpg\"><\/div><div class=\"parallaxImg-layer\"><div class=\"bg-overlay\"><\/div> <div class=\"work-meta\"><div class=\"inner\">\t<h4 class=\"title\"> Ventosaterapia<\/h4><\/div><\/div><\/div><\/div>\t\t\t\t\t\t\t\t\t\t\t\r\n\t\t\t\t\t\t\t\t\t\t\t<a href=\"https:\/\/kumihealing.com\/pt-pt\/treatments\/ventosaterapia-mtc-medicina-traditional-chinesa-lagos-algarve\/\"><\/a>\r\n\t\t\t\t\t\t\t\t\t\t\t\r\n\t\t\t\t\t\t\t\t\t\t\t\t\t\t\t\t\t\t\t\t\r\n\t\t\t\t\t\t\t\t\t\t\r\n\t\t\t\t\t\t\t\t\t<\/div><!--work-item-->\r\n\t\t\t\t\t\t\t\t\t\r\n\t\t\t\t\t\t\t\t\t\r\n\t\t\t\t\t\t\t\t\t\r\n\t\t\t\t\t\t\t\t\t\t\t\t\t\t\t\t\r\n\t\t\t\t\t\t\t\t\r\n\t\t\t\t\t\t\t<\/div><!--\/inner-wrap-->\r\n\t\t\t\t\t\t<\/div><!--\/col-->\r\n\t\t\t\t\t\t\r\n\t\t\t\t\t\t\t\t\t\t\t\r\n\t\t\t\t\t\t\t\t\t\t\t\t\r\n\t\t\t\t\t\t<div class=\"col elastic-portfolio-item  element tratamentos \"  data-project-cat=\"tratamentos \" data-default-color=\"true\" data-title-color=\"\" data-subtitle-color=\"\">\r\n\t\t\t\t\t\t\t\r\n\t\t\t\t\t\t\t<div class=\"inner-wrap animated\" data-animation=\"none\">\r\n\t\t\t\t\t\t\t\t\r\n\t\t\t\t\t\t\t\t\t\t\t\t\t\t\t\t\t\r\n\t\t\t\t\t\t\t\t\t<div class=\"work-item style-5\" data-custom-content=\"off\" data-text-align=\"middle\">\r\n\t\t\t\t\t\t\t\t\t\t\r\n\t\t\t\t\t\t\t\t\t\t<img decoding=\"async\" class=\"sizer skip-lazy\" src=\"https:\/\/kumihealing.com\/wp-content\/uploads\/2013\/12\/tuina-tratamento-lagos-algarve.jpg\" alt=\"Tui Na\" \/><div class=\"parallaxImg\"><div class=\"parallaxImg-layer\" data-img=\"https:\/\/kumihealing.com\/wp-content\/uploads\/2013\/12\/tuina-tratamento-lagos-algarve.jpg\"><\/div><div class=\"parallaxImg-layer\"><div class=\"bg-overlay\"><\/div> <div class=\"work-meta\"><div class=\"inner\">\t<h4 class=\"title\"> Tui Na<\/h4><\/div><\/div><\/div><\/div>\t\t\t\t\t\t\t\t\t\t\t\r\n\t\t\t\t\t\t\t\t\t\t\t<a href=\"https:\/\/kumihealing.com\/pt-pt\/treatments\/tui-na-massagem-medicina-chinesa-lagos-algarve\/\"><\/a>\r\n\t\t\t\t\t\t\t\t\t\t\t\r\n\t\t\t\t\t\t\t\t\t\t\t\t\t\t\t\t\t\t\t\t\r\n\t\t\t\t\t\t\t\t\t\t\r\n\t\t\t\t\t\t\t\t\t<\/div><!--work-item-->\r\n\t\t\t\t\t\t\t\t\t\r\n\t\t\t\t\t\t\t\t\t\r\n\t\t\t\t\t\t\t\t\t\r\n\t\t\t\t\t\t\t\t\t\t\t\t\t\t\t\t\r\n\t\t\t\t\t\t\t\t\r\n\t\t\t\t\t\t\t<\/div><!--\/inner-wrap-->\r\n\t\t\t\t\t\t<\/div><!--\/col-->\r\n\t\t\t\t\t\t\r\n\t\t\t\t\t\t\t\t\t\t\t\r\n\t\t\t\t\t\t\t\t\t\t\t\t\r\n\t\t\t\t\t\t<div class=\"col elastic-portfolio-item  element tratamentos \"  data-project-cat=\"tratamentos \" data-default-color=\"true\" data-title-color=\"\" data-subtitle-color=\"\">\r\n\t\t\t\t\t\t\t\r\n\t\t\t\t\t\t\t<div class=\"inner-wrap animated\" data-animation=\"none\">\r\n\t\t\t\t\t\t\t\t\r\n\t\t\t\t\t\t\t\t\t\t\t\t\t\t\t\t\t\r\n\t\t\t\t\t\t\t\t\t<div class=\"work-item style-5\" data-custom-content=\"off\" data-text-align=\"middle\">\r\n\t\t\t\t\t\t\t\t\t\t\r\n\t\t\t\t\t\t\t\t\t\t<img decoding=\"async\" class=\"sizer skip-lazy\" src=\"https:\/\/kumihealing.com\/wp-content\/uploads\/2013\/12\/gua-sha-tratamento-lagos-mtc.jpg\" alt=\"Gua Sha\" \/><div class=\"parallaxImg\"><div class=\"parallaxImg-layer\" data-img=\"https:\/\/kumihealing.com\/wp-content\/uploads\/2013\/12\/gua-sha-tratamento-lagos-mtc.jpg\"><\/div><div class=\"parallaxImg-layer\"><div class=\"bg-overlay\"><\/div> <div class=\"work-meta\"><div class=\"inner\">\t<h4 class=\"title\"> Gua Sha<\/h4><\/div><\/div><\/div><\/div>\t\t\t\t\t\t\t\t\t\t\t\r\n\t\t\t\t\t\t\t\t\t\t\t<a href=\"https:\/\/kumihealing.com\/pt-pt\/treatments\/gua-sha-medicina-chinesa-acupunctura-lagos-algarve\/\"><\/a>\r\n\t\t\t\t\t\t\t\t\t\t\t\r\n\t\t\t\t\t\t\t\t\t\t\t\t\t\t\t\t\t\t\t\t\r\n\t\t\t\t\t\t\t\t\t\t\r\n\t\t\t\t\t\t\t\t\t<\/div><!--work-item-->\r\n\t\t\t\t\t\t\t\t\t\r\n\t\t\t\t\t\t\t\t\t\r\n\t\t\t\t\t\t\t\t\t\r\n\t\t\t\t\t\t\t\t\t\t\t\t\t\t\t\t\r\n\t\t\t\t\t\t\t\t\r\n\t\t\t\t\t\t\t<\/div><!--\/inner-wrap-->\r\n\t\t\t\t\t\t<\/div><!--\/col-->\r\n\t\t\t\t\t\t\r\n\t\t\t\t\t\t\t\t\t\t\r\n\t\t\t\t<\/div><!--\/portfolio-->\r\n\t\t\t<\/div><!--\/portfolio wrap-->\r\n\t\t\t\r\n\t\t\t[\/vc_column][\/vc_row][vc_row type=&#8221;full_width_background&#8221; full_screen_row_position=&#8221;middle&#8221; scene_position=&#8221;center&#8221; text_color=&#8221;dark&#8221; text_align=&#8221;left&#8221; top_padding=&#8221;50&#8243; bottom_padding=&#8221;50&#8243; overlay_strength=&#8221;0.3&#8243;][vc_column column_padding=&#8221;no-extra-padding&#8221; column_padding_position=&#8221;all&#8221; background_color_opacity=&#8221;1&#8243; background_hover_color_opacity=&#8221;1&#8243; width=&#8221;2\/3&#8243; tablet_text_alignment=&#8221;default&#8221; phone_text_alignment=&#8221;default&#8221;][vc_column_text]\n<h1>Recuperar o seu corpo, mente e alma<\/h1>\n[\/vc_column_text][\/vc_column][vc_column column_padding=&#8221;no-extra-padding&#8221; column_padding_position=&#8221;all&#8221; background_color_opacity=&#8221;1&#8243; background_hover_color_opacity=&#8221;1&#8243; width=&#8221;1\/3&#8243; tablet_text_alignment=&#8221;default&#8221; phone_text_alignment=&#8221;default&#8221;][nectar_btn size=&#8221;medium&#8221; button_style=&#8221;see-through-2&#8243; hover_text_color_override=&#8221;#ffffff&#8221; icon_family=&#8221;fontawesome&#8221; url=&#8221;https:\/\/kumihealing.com\/pt-pt\/contactos-acupunctura-algarve\/&#8221; text=&#8221;Marcar consulta&#8221; icon_fontawesome=&#8221;fa fa-calendar&#8221;][\/vc_column][\/vc_row]\n","protected":false},"excerpt":{"rendered":"<p>[vc_row type=&#8221;in_container&#8221; full_screen_row_position=&#8221;middle&#8221; scene_position=&#8221;center&#8221; text_color=&#8221;dark&#8221; text_align=&#8221;left&#8221; top_padding=&#8221;50&#8243; bottom_padding=&#8221;50&#8243; overlay_strength=&#8221;0.3&#8243;][vc_column column_padding=&#8221;no-extra-padding&#8221; column_padding_position=&#8221;all&#8221; background_color_opacity=&#8221;1&#8243; background_hover_color_opacity=&#8221;1&#8243; width=&#8221;1\/1&#8243; tablet_text_alignment=&#8221;default&#8221; phone_text_alignment=&#8221;default&#8221;][divider line_type=&#8221;No Line&#8221; custom_height=&#8221;30&#8243;][vc_column_text] Os links a seguir fornecem breves descri\u00e7\u00f5es dos tratamentos de acupunctura&#8230;.<\/p>\n","protected":false},"author":1,"featured_media":0,"parent":0,"menu_order":0,"comment_status":"closed","ping_status":"closed","template":"","meta":{"footnotes":""},"class_list":["post-3541","page","type-page","status-publish"],"yoast_head":"<!-- This site is optimized with the Yoast SEO plugin v25.1 - https:\/\/yoast.com\/wordpress\/plugins\/seo\/ -->\n<title>Tratamentos de acupuntura - moxabust\u00e3o - tuina - ventosaterapia - guasha<\/title>\n<meta name=\"description\" content=\"Tratamentos de acupuntura - breves descri\u00e7\u00f5es e benef\u00edcios dos tratamentos de acupuntura, moxabust\u00e3o, tuina, ventosaterapia e guasha\" \/>\n<meta name=\"robots\" content=\"index, follow, max-snippet:-1, max-image-preview:large, max-video-preview:-1\" \/>\n<link rel=\"canonical\" href=\"https:\/\/kumihealing.com\/pt-pt\/tratamentos-acupuntura-moxabustao-tuina-ventosaterapia-guasha-lagos\/\" \/>\n<meta property=\"og:locale\" content=\"pt_PT\" \/>\n<meta property=\"og:type\" content=\"article\" \/>\n<meta property=\"og:title\" content=\"Tratamentos de acupuntura - moxabust\u00e3o - tuina - ventosaterapia - guasha\" \/>\n<meta property=\"og:description\" content=\"Tratamentos de acupuntura - breves descri\u00e7\u00f5es e benef\u00edcios dos tratamentos de acupuntura, moxabust\u00e3o, tuina, ventosaterapia e guasha\" \/>\n<meta property=\"og:url\" content=\"https:\/\/kumihealing.com\/pt-pt\/tratamentos-acupuntura-moxabustao-tuina-ventosaterapia-guasha-lagos\/\" \/>\n<meta property=\"og:site_name\" content=\"Acupuncture Lagos - ancient medicine for a modern world\" \/>\n<meta property=\"article:publisher\" content=\"https:\/\/www.facebook.com\/Kumi-Healing-424979000904833\/\" \/>\n<meta property=\"article:modified_time\" content=\"2018-01-05T18:38:43+00:00\" \/>\n<meta property=\"og:image\" content=\"https:\/\/kumihealing.com\/wp-content\/uploads\/2018\/01\/kumihealing-og-facebook.jpg\" \/>\n\t<meta property=\"og:image:width\" content=\"1200\" \/>\n\t<meta property=\"og:image:height\" content=\"801\" \/>\n\t<meta property=\"og:image:type\" content=\"image\/jpeg\" \/>\n<meta name=\"twitter:card\" content=\"summary_large_image\" \/>\n<meta name=\"twitter:site\" content=\"@kumihealing\" \/>\n<meta name=\"twitter:label1\" content=\"Tempo estimado de leitura\" \/>\n\t<meta name=\"twitter:data1\" content=\"2 minutos\" \/>\n<script type=\"application\/ld+json\" class=\"yoast-schema-graph\">{\"@context\":\"https:\/\/schema.org\",\"@graph\":[{\"@type\":\"WebPage\",\"@id\":\"https:\/\/kumihealing.com\/pt-pt\/tratamentos-acupuntura-moxabustao-tuina-ventosaterapia-guasha-lagos\/\",\"url\":\"https:\/\/kumihealing.com\/pt-pt\/tratamentos-acupuntura-moxabustao-tuina-ventosaterapia-guasha-lagos\/\",\"name\":\"Tratamentos de acupuntura - moxabust\u00e3o - tuina - ventosaterapia - guasha\",\"isPartOf\":{\"@id\":\"https:\/\/kumihealing.com\/#website\"},\"datePublished\":\"2016-12-22T15:39:15+00:00\",\"dateModified\":\"2018-01-05T18:38:43+00:00\",\"description\":\"Tratamentos de acupuntura - breves descri\u00e7\u00f5es e benef\u00edcios dos tratamentos de acupuntura, moxabust\u00e3o, tuina, ventosaterapia e guasha\",\"breadcrumb\":{\"@id\":\"https:\/\/kumihealing.com\/pt-pt\/tratamentos-acupuntura-moxabustao-tuina-ventosaterapia-guasha-lagos\/#breadcrumb\"},\"inLanguage\":\"pt-PT\",\"potentialAction\":[{\"@type\":\"ReadAction\",\"target\":[\"https:\/\/kumihealing.com\/pt-pt\/tratamentos-acupuntura-moxabustao-tuina-ventosaterapia-guasha-lagos\/\"]}]},{\"@type\":\"BreadcrumbList\",\"@id\":\"https:\/\/kumihealing.com\/pt-pt\/tratamentos-acupuntura-moxabustao-tuina-ventosaterapia-guasha-lagos\/#breadcrumb\",\"itemListElement\":[{\"@type\":\"ListItem\",\"position\":1,\"name\":\"Home\",\"item\":\"https:\/\/kumihealing.com\/pt-pt\/\"},{\"@type\":\"ListItem\",\"position\":2,\"name\":\"Tratamentos\"}]},{\"@type\":\"WebSite\",\"@id\":\"https:\/\/kumihealing.com\/#website\",\"url\":\"https:\/\/kumihealing.com\/\",\"name\":\"Acupuncture Lagos - ancient medicine for a modern world\",\"description\":\"Acupuncture Lagos - Welcome to Kumi Healing, a traditional acupuncture practice in the heart of Lagos to help you get well and stay well all year round.\",\"publisher\":{\"@id\":\"https:\/\/kumihealing.com\/#organization\"},\"potentialAction\":[{\"@type\":\"SearchAction\",\"target\":{\"@type\":\"EntryPoint\",\"urlTemplate\":\"https:\/\/kumihealing.com\/?s={search_term_string}\"},\"query-input\":{\"@type\":\"PropertyValueSpecification\",\"valueRequired\":true,\"valueName\":\"search_term_string\"}}],\"inLanguage\":\"pt-PT\"},{\"@type\":\"Organization\",\"@id\":\"https:\/\/kumihealing.com\/#organization\",\"name\":\"Kumi Healing\",\"url\":\"https:\/\/kumihealing.com\/\",\"logo\":{\"@type\":\"ImageObject\",\"inLanguage\":\"pt-PT\",\"@id\":\"https:\/\/kumihealing.com\/#\/schema\/logo\/image\/\",\"url\":\"https:\/\/kumihealing.com\/wp-content\/uploads\/2017\/03\/Logo_kumihealing_1.png\",\"contentUrl\":\"https:\/\/kumihealing.com\/wp-content\/uploads\/2017\/03\/Logo_kumihealing_1.png\",\"width\":1167,\"height\":332,\"caption\":\"Kumi Healing\"},\"image\":{\"@id\":\"https:\/\/kumihealing.com\/#\/schema\/logo\/image\/\"},\"sameAs\":[\"https:\/\/www.facebook.com\/Kumi-Healing-424979000904833\/\",\"https:\/\/x.com\/kumihealing\"]}]}<\/script>\n<!-- \/ Yoast SEO plugin. -->","yoast_head_json":{"title":"Tratamentos de acupuntura - moxabust\u00e3o - tuina - ventosaterapia - guasha","description":"Tratamentos de acupuntura - breves descri\u00e7\u00f5es e benef\u00edcios dos tratamentos de acupuntura, moxabust\u00e3o, tuina, ventosaterapia e guasha","robots":{"index":"index","follow":"follow","max-snippet":"max-snippet:-1","max-image-preview":"max-image-preview:large","max-video-preview":"max-video-preview:-1"},"canonical":"https:\/\/kumihealing.com\/pt-pt\/tratamentos-acupuntura-moxabustao-tuina-ventosaterapia-guasha-lagos\/","og_locale":"pt_PT","og_type":"article","og_title":"Tratamentos de acupuntura - moxabust\u00e3o - tuina - ventosaterapia - guasha","og_description":"Tratamentos de acupuntura - breves descri\u00e7\u00f5es e benef\u00edcios dos tratamentos de acupuntura, moxabust\u00e3o, tuina, ventosaterapia e guasha","og_url":"https:\/\/kumihealing.com\/pt-pt\/tratamentos-acupuntura-moxabustao-tuina-ventosaterapia-guasha-lagos\/","og_site_name":"Acupuncture Lagos - ancient medicine for a modern world","article_publisher":"https:\/\/www.facebook.com\/Kumi-Healing-424979000904833\/","article_modified_time":"2018-01-05T18:38:43+00:00","og_image":[{"width":1200,"height":801,"url":"https:\/\/kumihealing.com\/wp-content\/uploads\/2018\/01\/kumihealing-og-facebook.jpg","type":"image\/jpeg"}],"twitter_card":"summary_large_image","twitter_site":"@kumihealing","twitter_misc":{"Tempo estimado de leitura":"2 minutos"},"schema":{"@context":"https:\/\/schema.org","@graph":[{"@type":"WebPage","@id":"https:\/\/kumihealing.com\/pt-pt\/tratamentos-acupuntura-moxabustao-tuina-ventosaterapia-guasha-lagos\/","url":"https:\/\/kumihealing.com\/pt-pt\/tratamentos-acupuntura-moxabustao-tuina-ventosaterapia-guasha-lagos\/","name":"Tratamentos de acupuntura - moxabust\u00e3o - tuina - ventosaterapia - guasha","isPartOf":{"@id":"https:\/\/kumihealing.com\/#website"},"datePublished":"2016-12-22T15:39:15+00:00","dateModified":"2018-01-05T18:38:43+00:00","description":"Tratamentos de acupuntura - breves descri\u00e7\u00f5es e benef\u00edcios dos tratamentos de acupuntura, moxabust\u00e3o, tuina, ventosaterapia e guasha","breadcrumb":{"@id":"https:\/\/kumihealing.com\/pt-pt\/tratamentos-acupuntura-moxabustao-tuina-ventosaterapia-guasha-lagos\/#breadcrumb"},"inLanguage":"pt-PT","potentialAction":[{"@type":"ReadAction","target":["https:\/\/kumihealing.com\/pt-pt\/tratamentos-acupuntura-moxabustao-tuina-ventosaterapia-guasha-lagos\/"]}]},{"@type":"BreadcrumbList","@id":"https:\/\/kumihealing.com\/pt-pt\/tratamentos-acupuntura-moxabustao-tuina-ventosaterapia-guasha-lagos\/#breadcrumb","itemListElement":[{"@type":"ListItem","position":1,"name":"Home","item":"https:\/\/kumihealing.com\/pt-pt\/"},{"@type":"ListItem","position":2,"name":"Tratamentos"}]},{"@type":"WebSite","@id":"https:\/\/kumihealing.com\/#website","url":"https:\/\/kumihealing.com\/","name":"Acupuncture Lagos - ancient medicine for a modern world","description":"Acupuncture Lagos - Welcome to Kumi Healing, a traditional acupuncture practice in the heart of Lagos to help you get well and stay well all year round.","publisher":{"@id":"https:\/\/kumihealing.com\/#organization"},"potentialAction":[{"@type":"SearchAction","target":{"@type":"EntryPoint","urlTemplate":"https:\/\/kumihealing.com\/?s={search_term_string}"},"query-input":{"@type":"PropertyValueSpecification","valueRequired":true,"valueName":"search_term_string"}}],"inLanguage":"pt-PT"},{"@type":"Organization","@id":"https:\/\/kumihealing.com\/#organization","name":"Kumi Healing","url":"https:\/\/kumihealing.com\/","logo":{"@type":"ImageObject","inLanguage":"pt-PT","@id":"https:\/\/kumihealing.com\/#\/schema\/logo\/image\/","url":"https:\/\/kumihealing.com\/wp-content\/uploads\/2017\/03\/Logo_kumihealing_1.png","contentUrl":"https:\/\/kumihealing.com\/wp-content\/uploads\/2017\/03\/Logo_kumihealing_1.png","width":1167,"height":332,"caption":"Kumi Healing"},"image":{"@id":"https:\/\/kumihealing.com\/#\/schema\/logo\/image\/"},"sameAs":["https:\/\/www.facebook.com\/Kumi-Healing-424979000904833\/","https:\/\/x.com\/kumihealing"]}]}},"_links":{"self":[{"href":"https:\/\/kumihealing.com\/pt-pt\/wp-json\/wp\/v2\/pages\/3541","targetHints":{"allow":["GET"]}}],"collection":[{"href":"https:\/\/kumihealing.com\/pt-pt\/wp-json\/wp\/v2\/pages"}],"about":[{"href":"https:\/\/kumihealing.com\/pt-pt\/wp-json\/wp\/v2\/types\/page"}],"author":[{"embeddable":true,"href":"https:\/\/kumihealing.com\/pt-pt\/wp-json\/wp\/v2\/users\/1"}],"replies":[{"embeddable":true,"href":"https:\/\/kumihealing.com\/pt-pt\/wp-json\/wp\/v2\/comments?post=3541"}],"version-history":[{"count":10,"href":"https:\/\/kumihealing.com\/pt-pt\/wp-json\/wp\/v2\/pages\/3541\/revisions"}],"predecessor-version":[{"id":4171,"href":"https:\/\/kumihealing.com\/pt-pt\/wp-json\/wp\/v2\/pages\/3541\/revisions\/4171"}],"wp:attachment":[{"href":"https:\/\/kumihealing.com\/pt-pt\/wp-json\/wp\/v2\/media?parent=3541"}],"curies":[{"name":"wp","href":"https:\/\/api.w.org\/{rel}","templated":true}]}}