{"id":3539,"date":"2013-03-23T05:01:12","date_gmt":"2013-03-23T04:01:12","guid":{"rendered":"https:\/\/kumihealing.com\/noticias\/"},"modified":"2018-01-10T17:20:44","modified_gmt":"2018-01-10T16:20:44","slug":"blog-postagens-acupunctura","status":"publish","type":"page","link":"https:\/\/kumihealing.com\/pt-pt\/blog-postagens-acupunctura\/","title":{"rendered":"Blog"},"content":{"rendered":"[nectar_blog layout=&#8221;masonry-blog-fullwidth&#8221; pagination_type=&#8221;infinite_scroll&#8221; category=&#8221;all&#8221; posts_per_page=&#8221;&#8221;]\n","protected":false},"excerpt":{"rendered":"<p>[nectar_blog layout=&#8221;masonry-blog-fullwidth&#8221; pagination_type=&#8221;infinite_scroll&#8221; category=&#8221;all&#8221; posts_per_page=&#8221;&#8221;]<\/p>\n","protected":false},"author":1,"featured_media":0,"parent":0,"menu_order":46,"comment_status":"open","ping_status":"open","template":"","meta":{"footnotes":""},"class_list":["post-3539","page","type-page","status-publish"],"yoast_head":"<!-- This site is optimized with the Yoast SEO plugin v25.1 - https:\/\/yoast.com\/wordpress\/plugins\/seo\/ -->\n<title>Blog - postagens sobre acupunctura, saude e bem-estar - Kumi Healing<\/title>\n<meta name=\"description\" content=\"Blog - \u00faltimas postagens sobre medicina Chinesa, acupunctura, sa\u00fade e bem-estar. Blog - A acupunctura \u00e9 um sistema de cura que envolve a inser\u00e7\u00e3o de agulhas est\u00e9reis e extremamente finas em pontos espec\u00edficos, conhecidos como pontos de acupuntura, ao longo da superf\u00edcie do corpo.\" \/>\n<meta name=\"robots\" content=\"index, follow, max-snippet:-1, max-image-preview:large, max-video-preview:-1\" \/>\n<link rel=\"canonical\" href=\"https:\/\/kumihealing.com\/pt-pt\/blog-postagens-acupunctura\/\" \/>\n<meta property=\"og:locale\" content=\"pt_PT\" \/>\n<meta property=\"og:type\" content=\"article\" \/>\n<meta property=\"og:title\" content=\"Blog - postagens sobre acupunctura, saude e bem-estar - Kumi Healing\" \/>\n<meta property=\"og:description\" content=\"Blog - \u00faltimas postagens sobre medicina Chinesa, acupunctura, sa\u00fade e bem-estar. Blog - A acupunctura \u00e9 um sistema de cura que envolve a inser\u00e7\u00e3o de agulhas est\u00e9reis e extremamente finas em pontos espec\u00edficos, conhecidos como pontos de acupuntura, ao longo da superf\u00edcie do corpo.\" \/>\n<meta property=\"og:url\" content=\"https:\/\/kumihealing.com\/pt-pt\/blog-postagens-acupunctura\/\" \/>\n<meta property=\"og:site_name\" content=\"Acupuncture Lagos - ancient medicine for a modern world\" \/>\n<meta property=\"article:publisher\" content=\"https:\/\/www.facebook.com\/Kumi-Healing-424979000904833\/\" \/>\n<meta property=\"article:modified_time\" content=\"2018-01-10T16:20:44+00:00\" \/>\n<meta property=\"og:image\" content=\"https:\/\/kumihealing.com\/wp-content\/uploads\/2018\/01\/kumihealing-og-facebook.jpg\" \/>\n\t<meta property=\"og:image:width\" content=\"1200\" \/>\n\t<meta property=\"og:image:height\" content=\"801\" \/>\n\t<meta property=\"og:image:type\" content=\"image\/jpeg\" \/>\n<meta name=\"twitter:card\" content=\"summary_large_image\" \/>\n<meta name=\"twitter:site\" content=\"@kumihealing\" \/>\n<script type=\"application\/ld+json\" class=\"yoast-schema-graph\">{\"@context\":\"https:\/\/schema.org\",\"@graph\":[{\"@type\":\"WebPage\",\"@id\":\"https:\/\/kumihealing.com\/pt-pt\/blog-postagens-acupunctura\/\",\"url\":\"https:\/\/kumihealing.com\/pt-pt\/blog-postagens-acupunctura\/\",\"name\":\"Blog - postagens sobre acupunctura, saude e bem-estar - Kumi Healing\",\"isPartOf\":{\"@id\":\"https:\/\/kumihealing.com\/#website\"},\"datePublished\":\"2013-03-23T04:01:12+00:00\",\"dateModified\":\"2018-01-10T16:20:44+00:00\",\"description\":\"Blog - \u00faltimas postagens sobre medicina Chinesa, acupunctura, sa\u00fade e bem-estar. Blog - A acupunctura \u00e9 um sistema de cura que envolve a inser\u00e7\u00e3o de agulhas est\u00e9reis e extremamente finas em pontos espec\u00edficos, conhecidos como pontos de acupuntura, ao longo da superf\u00edcie do corpo.\",\"breadcrumb\":{\"@id\":\"https:\/\/kumihealing.com\/pt-pt\/blog-postagens-acupunctura\/#breadcrumb\"},\"inLanguage\":\"pt-PT\",\"potentialAction\":[{\"@type\":\"ReadAction\",\"target\":[\"https:\/\/kumihealing.com\/pt-pt\/blog-postagens-acupunctura\/\"]}]},{\"@type\":\"BreadcrumbList\",\"@id\":\"https:\/\/kumihealing.com\/pt-pt\/blog-postagens-acupunctura\/#breadcrumb\",\"itemListElement\":[{\"@type\":\"ListItem\",\"position\":1,\"name\":\"Home\",\"item\":\"https:\/\/kumihealing.com\/pt-pt\/\"},{\"@type\":\"ListItem\",\"position\":2,\"name\":\"Blog\"}]},{\"@type\":\"WebSite\",\"@id\":\"https:\/\/kumihealing.com\/#website\",\"url\":\"https:\/\/kumihealing.com\/\",\"name\":\"Acupuncture Lagos - ancient medicine for a modern world\",\"description\":\"Acupuncture Lagos - Welcome to Kumi Healing, a traditional acupuncture practice in the heart of Lagos to help you get well and stay well all year round.\",\"publisher\":{\"@id\":\"https:\/\/kumihealing.com\/#organization\"},\"potentialAction\":[{\"@type\":\"SearchAction\",\"target\":{\"@type\":\"EntryPoint\",\"urlTemplate\":\"https:\/\/kumihealing.com\/?s={search_term_string}\"},\"query-input\":{\"@type\":\"PropertyValueSpecification\",\"valueRequired\":true,\"valueName\":\"search_term_string\"}}],\"inLanguage\":\"pt-PT\"},{\"@type\":\"Organization\",\"@id\":\"https:\/\/kumihealing.com\/#organization\",\"name\":\"Kumi Healing\",\"url\":\"https:\/\/kumihealing.com\/\",\"logo\":{\"@type\":\"ImageObject\",\"inLanguage\":\"pt-PT\",\"@id\":\"https:\/\/kumihealing.com\/#\/schema\/logo\/image\/\",\"url\":\"https:\/\/kumihealing.com\/wp-content\/uploads\/2017\/03\/Logo_kumihealing_1.png\",\"contentUrl\":\"https:\/\/kumihealing.com\/wp-content\/uploads\/2017\/03\/Logo_kumihealing_1.png\",\"width\":1167,\"height\":332,\"caption\":\"Kumi Healing\"},\"image\":{\"@id\":\"https:\/\/kumihealing.com\/#\/schema\/logo\/image\/\"},\"sameAs\":[\"https:\/\/www.facebook.com\/Kumi-Healing-424979000904833\/\",\"https:\/\/x.com\/kumihealing\"]}]}<\/script>\n<!-- \/ Yoast SEO plugin. -->","yoast_head_json":{"title":"Blog - postagens sobre acupunctura, saude e bem-estar - Kumi Healing","description":"Blog - \u00faltimas postagens sobre medicina Chinesa, acupunctura, sa\u00fade e bem-estar. Blog - A acupunctura \u00e9 um sistema de cura que envolve a inser\u00e7\u00e3o de agulhas est\u00e9reis e extremamente finas em pontos espec\u00edficos, conhecidos como pontos de acupuntura, ao longo da superf\u00edcie do corpo.","robots":{"index":"index","follow":"follow","max-snippet":"max-snippet:-1","max-image-preview":"max-image-preview:large","max-video-preview":"max-video-preview:-1"},"canonical":"https:\/\/kumihealing.com\/pt-pt\/blog-postagens-acupunctura\/","og_locale":"pt_PT","og_type":"article","og_title":"Blog - postagens sobre acupunctura, saude e bem-estar - Kumi Healing","og_description":"Blog - \u00faltimas postagens sobre medicina Chinesa, acupunctura, sa\u00fade e bem-estar. Blog - A acupunctura \u00e9 um sistema de cura que envolve a inser\u00e7\u00e3o de agulhas est\u00e9reis e extremamente finas em pontos espec\u00edficos, conhecidos como pontos de acupuntura, ao longo da superf\u00edcie do corpo.","og_url":"https:\/\/kumihealing.com\/pt-pt\/blog-postagens-acupunctura\/","og_site_name":"Acupuncture Lagos - ancient medicine for a modern world","article_publisher":"https:\/\/www.facebook.com\/Kumi-Healing-424979000904833\/","article_modified_time":"2018-01-10T16:20:44+00:00","og_image":[{"width":1200,"height":801,"url":"https:\/\/kumihealing.com\/wp-content\/uploads\/2018\/01\/kumihealing-og-facebook.jpg","type":"image\/jpeg"}],"twitter_card":"summary_large_image","twitter_site":"@kumihealing","schema":{"@context":"https:\/\/schema.org","@graph":[{"@type":"WebPage","@id":"https:\/\/kumihealing.com\/pt-pt\/blog-postagens-acupunctura\/","url":"https:\/\/kumihealing.com\/pt-pt\/blog-postagens-acupunctura\/","name":"Blog - postagens sobre acupunctura, saude e bem-estar - Kumi Healing","isPartOf":{"@id":"https:\/\/kumihealing.com\/#website"},"datePublished":"2013-03-23T04:01:12+00:00","dateModified":"2018-01-10T16:20:44+00:00","description":"Blog - \u00faltimas postagens sobre medicina Chinesa, acupunctura, sa\u00fade e bem-estar. Blog - A acupunctura \u00e9 um sistema de cura que envolve a inser\u00e7\u00e3o de agulhas est\u00e9reis e extremamente finas em pontos espec\u00edficos, conhecidos como pontos de acupuntura, ao longo da superf\u00edcie do corpo.","breadcrumb":{"@id":"https:\/\/kumihealing.com\/pt-pt\/blog-postagens-acupunctura\/#breadcrumb"},"inLanguage":"pt-PT","potentialAction":[{"@type":"ReadAction","target":["https:\/\/kumihealing.com\/pt-pt\/blog-postagens-acupunctura\/"]}]},{"@type":"BreadcrumbList","@id":"https:\/\/kumihealing.com\/pt-pt\/blog-postagens-acupunctura\/#breadcrumb","itemListElement":[{"@type":"ListItem","position":1,"name":"Home","item":"https:\/\/kumihealing.com\/pt-pt\/"},{"@type":"ListItem","position":2,"name":"Blog"}]},{"@type":"WebSite","@id":"https:\/\/kumihealing.com\/#website","url":"https:\/\/kumihealing.com\/","name":"Acupuncture Lagos - ancient medicine for a modern world","description":"Acupuncture Lagos - Welcome to Kumi Healing, a traditional acupuncture practice in the heart of Lagos to help you get well and stay well all year round.","publisher":{"@id":"https:\/\/kumihealing.com\/#organization"},"potentialAction":[{"@type":"SearchAction","target":{"@type":"EntryPoint","urlTemplate":"https:\/\/kumihealing.com\/?s={search_term_string}"},"query-input":{"@type":"PropertyValueSpecification","valueRequired":true,"valueName":"search_term_string"}}],"inLanguage":"pt-PT"},{"@type":"Organization","@id":"https:\/\/kumihealing.com\/#organization","name":"Kumi Healing","url":"https:\/\/kumihealing.com\/","logo":{"@type":"ImageObject","inLanguage":"pt-PT","@id":"https:\/\/kumihealing.com\/#\/schema\/logo\/image\/","url":"https:\/\/kumihealing.com\/wp-content\/uploads\/2017\/03\/Logo_kumihealing_1.png","contentUrl":"https:\/\/kumihealing.com\/wp-content\/uploads\/2017\/03\/Logo_kumihealing_1.png","width":1167,"height":332,"caption":"Kumi Healing"},"image":{"@id":"https:\/\/kumihealing.com\/#\/schema\/logo\/image\/"},"sameAs":["https:\/\/www.facebook.com\/Kumi-Healing-424979000904833\/","https:\/\/x.com\/kumihealing"]}]}},"_links":{"self":[{"href":"https:\/\/kumihealing.com\/pt-pt\/wp-json\/wp\/v2\/pages\/3539","targetHints":{"allow":["GET"]}}],"collection":[{"href":"https:\/\/kumihealing.com\/pt-pt\/wp-json\/wp\/v2\/pages"}],"about":[{"href":"https:\/\/kumihealing.com\/pt-pt\/wp-json\/wp\/v2\/types\/page"}],"author":[{"embeddable":true,"href":"https:\/\/kumihealing.com\/pt-pt\/wp-json\/wp\/v2\/users\/1"}],"replies":[{"embeddable":true,"href":"https:\/\/kumihealing.com\/pt-pt\/wp-json\/wp\/v2\/comments?post=3539"}],"version-history":[{"count":4,"href":"https:\/\/kumihealing.com\/pt-pt\/wp-json\/wp\/v2\/pages\/3539\/revisions"}],"predecessor-version":[{"id":4191,"href":"https:\/\/kumihealing.com\/pt-pt\/wp-json\/wp\/v2\/pages\/3539\/revisions\/4191"}],"wp:attachment":[{"href":"https:\/\/kumihealing.com\/pt-pt\/wp-json\/wp\/v2\/media?parent=3539"}],"curies":[{"name":"wp","href":"https:\/\/api.w.org\/{rel}","templated":true}]}}