{"id":3534,"date":"2016-12-22T03:07:54","date_gmt":"2016-12-22T02:07:54","guid":{"rendered":"https:\/\/kumihealing.com\/medicina-chinesa\/"},"modified":"2018-01-06T12:57:55","modified_gmt":"2018-01-06T11:57:55","slug":"medicina-chinesa-lagos-algarve","status":"publish","type":"page","link":"https:\/\/kumihealing.com\/pt-pt\/medicina-chinesa-lagos-algarve\/","title":{"rendered":"Medicina Chinesa"},"content":{"rendered":"[vc_row type=&#8221;in_container&#8221; full_screen_row_position=&#8221;middle&#8221; scene_position=&#8221;center&#8221; text_color=&#8221;dark&#8221; text_align=&#8221;left&#8221; top_padding=&#8221;50&#8243; bottom_padding=&#8221;50&#8243; overlay_strength=&#8221;0.3&#8243;][vc_column column_padding=&#8221;no-extra-padding&#8221; column_padding_position=&#8221;all&#8221; background_color_opacity=&#8221;1&#8243; background_hover_color_opacity=&#8221;1&#8243; width=&#8221;1\/2&#8243; tablet_text_alignment=&#8221;default&#8221; phone_text_alignment=&#8221;default&#8221;][vc_column_text]\n<h1>O que\u00a0\u00e9 a medicina Chinesa?<\/h1>\n[\/vc_column_text][divider line_type=&#8221;No Line&#8221; custom_height=&#8221;30&#8243;][vc_column_text]<span class=\"dropcap1\"><span class=\"nectar-dropcap\" style=\" color: #353535;\">A<\/span><\/span>medicina chinesa originou-se na China e \u00e9 um sistema antigo e coerente de cura que tem sido praticado e desenvolvido ao longo de dois mil\u00eanios e sobreviveu na era cient\u00edfica moderna. Hoje, os princ\u00edpios m\u00e9dicos continuam a ser componentes integrantes da provis\u00e3o de servi\u00e7os de sa\u00fade na China, bem como no Jap\u00e3o, Cor\u00e9ia e Vietn\u00e3 e s\u00e3o praticados em escala global por cerca de tr\u00eas milh\u00f5es de acupuncturistas. Estes princ\u00edpios antigos e seu desenvolvimento e refinamentos, juntamente com vasta experi\u00eancia cl\u00ednica e pesquisa mundial atual, fornecem a base para <a href=\"https:\/\/kumihealing.com\/pt-pt\/metodos-tratamento-mtc-lagos-algarve\/\">tratamentos<\/a> com medicina chinesa.[\/vc_column_text][divider line_type=&#8221;No Line&#8221; custom_height=&#8221;30&#8243;][vc_column_text]\n<h1>O valor da acupunctura no Ocidente<\/h1>\n[\/vc_column_text][divider line_type=&#8221;No Line&#8221; custom_height=&#8221;30&#8243;][vc_column_text]<span class=\"dropcap1\"><span class=\"nectar-dropcap\" style=\" color: #353535;\">U<\/span>m n\u00famero crescente de pessoas no Ocidente, m\u00e9dicos, pesquisadores e leigos t\u00eam vindo a aceitar a efic\u00e1cia da medicina chinesa <a href=\"https:\/\/kumihealing.com\/pt-pt\/treatments\/acupunctura-lagos-algarve\/\">acupunctura<\/a> como um m\u00e9todo complementar ou alternativo de tratamento. Embora muitas vezes descrito como um tratamento para dist\u00farbios m\u00fasculo-esquel\u00e9ticos e al\u00edvio da dor, \u00e9 de facto usado para uma ampla gama de doen\u00e7as, incluindo as emocionais e psicol\u00f3gicas. Na verdade, a \u00eanfase no ultimo torna a medicina chinesa atraente para os pacientes contempor\u00e2neos, que s\u00e3o muitas vezes afetados pelo estresse de viver vidas de ritmo acelerado e intermin\u00e1veis desafios emocionais.<\/span><\/p>\n<p><span class=\"dropcap1\">Na sabedoria antiga da teoria m\u00e9dica chinesa, h\u00e1, talvez, maneiras de compreender os danos infligidos pela vida moderna e para ajudar a superar tais desafios, restaurando a pessoa no seu todo a um estado de equil\u00edbrio e sa\u00fade.<\/span>[\/vc_column_text][\/vc_column][vc_column column_padding=&#8221;no-extra-padding&#8221; column_padding_position=&#8221;all&#8221; background_color_opacity=&#8221;1&#8243; background_hover_color_opacity=&#8221;1&#8243; width=&#8221;1\/2&#8243; tablet_text_alignment=&#8221;default&#8221; phone_text_alignment=&#8221;default&#8221;][image_with_animation image_url=&#8221;3290&#8243; alignment=&#8221;center&#8221; animation=&#8221;Fade In&#8221; box_shadow=&#8221;none&#8221; max_width=&#8221;100%&#8221;][\/vc_column][\/vc_row][vc_row type=&#8221;full_width_background&#8221; full_screen_row_position=&#8221;middle&#8221; bg_color=&#8221;#ffffff&#8221; scene_position=&#8221;center&#8221; text_color=&#8221;dark&#8221; text_align=&#8221;left&#8221; top_padding=&#8221;50&#8243; bottom_padding=&#8221;50&#8243; overlay_strength=&#8221;0.3&#8243;][vc_column column_padding=&#8221;no-extra-padding&#8221; column_padding_position=&#8221;all&#8221; background_color_opacity=&#8221;1&#8243; background_hover_color_opacity=&#8221;1&#8243; width=&#8221;1\/1&#8243; tablet_text_alignment=&#8221;default&#8221; phone_text_alignment=&#8221;default&#8221;][testimonial_slider style=&#8221;default&#8221;][testimonial title=&#8221;Testimonial&#8221; id=&#8221;1482372207-1-40&#8243; tab_id=&#8221;1482372422522-3&#8243; name=&#8221;Hip\u00f3crates, s\u00e9culo IV BC&#8221; quote=&#8221;Se voc\u00ea desprezar e negligenciar a experi\u00eancia dos antigos e acreditar que voc\u00ea vai encontrar o caminho certo apenas nos tratamentos mais recentes, voc\u00ea engana a si mesmo e as pessoas ao seu redor&#8220;.&#8221; subtitle=&#8221;M\u00e9dico Grego&#8221;] Click the edit button to add your testimonial. [\/testimonial][testimonial title=&#8221;Testimonial&#8221; id=&#8221;1482372207-2-65&#8243; tab_id=&#8221;1482372422698-6&#8243; name=&#8221;Lao Tzu &#8221; subtitle=&#8221;Fil\u00f3sofo chin\u00eas&#8221; quote=&#8221;A sa\u00fade \u00e9 a maior possess\u00e3o. O Contentamento \u00e9 o maior tesouro. A Confian\u00e7a \u00e9 o maior amigo. N\u00e3o ser \u00e9 a maior alegria.&#8221;] Click the edit button to add your testimonial. [\/testimonial][\/testimonial_slider][\/vc_column][\/vc_row][vc_row type=&#8221;full_width_background&#8221; full_screen_row_position=&#8221;middle&#8221; scene_position=&#8221;center&#8221; text_color=&#8221;dark&#8221; text_align=&#8221;left&#8221; top_padding=&#8221;50&#8243; bottom_padding=&#8221;50&#8243; overlay_strength=&#8221;0.3&#8243;][vc_column column_padding=&#8221;no-extra-padding&#8221; column_padding_position=&#8221;all&#8221; background_color_opacity=&#8221;1&#8243; background_hover_color_opacity=&#8221;1&#8243; width=&#8221;2\/3&#8243; tablet_text_alignment=&#8221;default&#8221; phone_text_alignment=&#8221;default&#8221;][vc_column_text]\n<h1><span lang=\"pt\">Cuide da sua sa\u00fade<\/span><\/h1>\n[\/vc_column_text][\/vc_column][vc_column column_padding=&#8221;no-extra-padding&#8221; column_padding_position=&#8221;all&#8221; background_color_opacity=&#8221;1&#8243; background_hover_color_opacity=&#8221;1&#8243; width=&#8221;1\/3&#8243; tablet_text_alignment=&#8221;default&#8221; phone_text_alignment=&#8221;default&#8221;][nectar_btn size=&#8221;medium&#8221; button_style=&#8221;see-through-2&#8243; hover_text_color_override=&#8221;#ffffff&#8221; icon_family=&#8221;fontawesome&#8221; url=&#8221;https:\/\/kumihealing.com\/pt-pt\/contactos-acupunctura-algarve\/&#8221; text=&#8221;Marcar consulta&#8221; icon_fontawesome=&#8221;fa fa-calendar&#8221;][\/vc_column][\/vc_row]\n","protected":false},"excerpt":{"rendered":"<p>[vc_row type=&#8221;in_container&#8221; full_screen_row_position=&#8221;middle&#8221; scene_position=&#8221;center&#8221; text_color=&#8221;dark&#8221; text_align=&#8221;left&#8221; top_padding=&#8221;50&#8243; bottom_padding=&#8221;50&#8243; overlay_strength=&#8221;0.3&#8243;][vc_column column_padding=&#8221;no-extra-padding&#8221; column_padding_position=&#8221;all&#8221; background_color_opacity=&#8221;1&#8243; background_hover_color_opacity=&#8221;1&#8243; width=&#8221;1\/2&#8243; tablet_text_alignment=&#8221;default&#8221; phone_text_alignment=&#8221;default&#8221;][vc_column_text] O que\u00a0\u00e9 a medicina Chinesa? [\/vc_column_text][divider line_type=&#8221;No Line&#8221; custom_height=&#8221;30&#8243;][vc_column_text]medicina chinesa originou-se na China e&#8230;<\/p>\n","protected":false},"author":1,"featured_media":0,"parent":0,"menu_order":0,"comment_status":"closed","ping_status":"closed","template":"","meta":{"footnotes":""},"class_list":["post-3534","page","type-page","status-publish"],"yoast_head":"<!-- This site is optimized with the Yoast SEO plugin v25.1 - https:\/\/yoast.com\/wordpress\/plugins\/seo\/ -->\n<title>Medicina Chinesa e Acupuntura - saiba mais sobre o valor da acupuntura<\/title>\n<meta name=\"description\" content=\"A medicina chinesa originou-se na China e \u00e9 um sistema antigo e coerente de cura que tem sido praticado e desenvolvido ao longo de dois mil\u00eanios e sobrevive\" \/>\n<meta name=\"robots\" content=\"index, follow, max-snippet:-1, max-image-preview:large, max-video-preview:-1\" \/>\n<link rel=\"canonical\" href=\"https:\/\/kumihealing.com\/pt-pt\/medicina-chinesa-lagos-algarve\/\" \/>\n<meta property=\"og:locale\" content=\"pt_PT\" \/>\n<meta property=\"og:type\" content=\"article\" \/>\n<meta property=\"og:title\" content=\"Medicina Chinesa e Acupuntura - saiba mais sobre o valor da acupuntura\" \/>\n<meta property=\"og:description\" content=\"A medicina chinesa originou-se na China e \u00e9 um sistema antigo e coerente de cura que tem sido praticado e desenvolvido ao longo de dois mil\u00eanios e sobrevive\" \/>\n<meta property=\"og:url\" content=\"https:\/\/kumihealing.com\/pt-pt\/medicina-chinesa-lagos-algarve\/\" \/>\n<meta property=\"og:site_name\" content=\"Acupuncture Lagos - ancient medicine for a modern world\" \/>\n<meta property=\"article:publisher\" content=\"https:\/\/www.facebook.com\/Kumi-Healing-424979000904833\/\" \/>\n<meta property=\"article:modified_time\" content=\"2018-01-06T11:57:55+00:00\" \/>\n<meta property=\"og:image\" content=\"https:\/\/kumihealing.com\/wp-content\/uploads\/2018\/01\/kumihealing-og-facebook.jpg\" \/>\n\t<meta property=\"og:image:width\" content=\"1200\" \/>\n\t<meta property=\"og:image:height\" content=\"801\" \/>\n\t<meta property=\"og:image:type\" content=\"image\/jpeg\" \/>\n<meta name=\"twitter:card\" content=\"summary_large_image\" \/>\n<meta name=\"twitter:site\" content=\"@kumihealing\" \/>\n<meta name=\"twitter:label1\" content=\"Tempo estimado de leitura\" \/>\n\t<meta name=\"twitter:data1\" content=\"4 minutos\" \/>\n<script type=\"application\/ld+json\" class=\"yoast-schema-graph\">{\"@context\":\"https:\/\/schema.org\",\"@graph\":[{\"@type\":\"WebPage\",\"@id\":\"https:\/\/kumihealing.com\/pt-pt\/medicina-chinesa-lagos-algarve\/\",\"url\":\"https:\/\/kumihealing.com\/pt-pt\/medicina-chinesa-lagos-algarve\/\",\"name\":\"Medicina Chinesa e Acupuntura - saiba mais sobre o valor da acupuntura\",\"isPartOf\":{\"@id\":\"https:\/\/kumihealing.com\/#website\"},\"datePublished\":\"2016-12-22T02:07:54+00:00\",\"dateModified\":\"2018-01-06T11:57:55+00:00\",\"description\":\"A medicina chinesa originou-se na China e \u00e9 um sistema antigo e coerente de cura que tem sido praticado e desenvolvido ao longo de dois mil\u00eanios e sobrevive\",\"breadcrumb\":{\"@id\":\"https:\/\/kumihealing.com\/pt-pt\/medicina-chinesa-lagos-algarve\/#breadcrumb\"},\"inLanguage\":\"pt-PT\",\"potentialAction\":[{\"@type\":\"ReadAction\",\"target\":[\"https:\/\/kumihealing.com\/pt-pt\/medicina-chinesa-lagos-algarve\/\"]}]},{\"@type\":\"BreadcrumbList\",\"@id\":\"https:\/\/kumihealing.com\/pt-pt\/medicina-chinesa-lagos-algarve\/#breadcrumb\",\"itemListElement\":[{\"@type\":\"ListItem\",\"position\":1,\"name\":\"Home\",\"item\":\"https:\/\/kumihealing.com\/pt-pt\/\"},{\"@type\":\"ListItem\",\"position\":2,\"name\":\"Medicina Chinesa\"}]},{\"@type\":\"WebSite\",\"@id\":\"https:\/\/kumihealing.com\/#website\",\"url\":\"https:\/\/kumihealing.com\/\",\"name\":\"Acupuncture Lagos - ancient medicine for a modern world\",\"description\":\"Acupuncture Lagos - Welcome to Kumi Healing, a traditional acupuncture practice in the heart of Lagos to help you get well and stay well all year round.\",\"publisher\":{\"@id\":\"https:\/\/kumihealing.com\/#organization\"},\"potentialAction\":[{\"@type\":\"SearchAction\",\"target\":{\"@type\":\"EntryPoint\",\"urlTemplate\":\"https:\/\/kumihealing.com\/?s={search_term_string}\"},\"query-input\":{\"@type\":\"PropertyValueSpecification\",\"valueRequired\":true,\"valueName\":\"search_term_string\"}}],\"inLanguage\":\"pt-PT\"},{\"@type\":\"Organization\",\"@id\":\"https:\/\/kumihealing.com\/#organization\",\"name\":\"Kumi Healing\",\"url\":\"https:\/\/kumihealing.com\/\",\"logo\":{\"@type\":\"ImageObject\",\"inLanguage\":\"pt-PT\",\"@id\":\"https:\/\/kumihealing.com\/#\/schema\/logo\/image\/\",\"url\":\"https:\/\/kumihealing.com\/wp-content\/uploads\/2017\/03\/Logo_kumihealing_1.png\",\"contentUrl\":\"https:\/\/kumihealing.com\/wp-content\/uploads\/2017\/03\/Logo_kumihealing_1.png\",\"width\":1167,\"height\":332,\"caption\":\"Kumi Healing\"},\"image\":{\"@id\":\"https:\/\/kumihealing.com\/#\/schema\/logo\/image\/\"},\"sameAs\":[\"https:\/\/www.facebook.com\/Kumi-Healing-424979000904833\/\",\"https:\/\/x.com\/kumihealing\"]}]}<\/script>\n<!-- \/ Yoast SEO plugin. -->","yoast_head_json":{"title":"Medicina Chinesa e Acupuntura - saiba mais sobre o valor da acupuntura","description":"A medicina chinesa originou-se na China e \u00e9 um sistema antigo e coerente de cura que tem sido praticado e desenvolvido ao longo de dois mil\u00eanios e sobrevive","robots":{"index":"index","follow":"follow","max-snippet":"max-snippet:-1","max-image-preview":"max-image-preview:large","max-video-preview":"max-video-preview:-1"},"canonical":"https:\/\/kumihealing.com\/pt-pt\/medicina-chinesa-lagos-algarve\/","og_locale":"pt_PT","og_type":"article","og_title":"Medicina Chinesa e Acupuntura - saiba mais sobre o valor da acupuntura","og_description":"A medicina chinesa originou-se na China e \u00e9 um sistema antigo e coerente de cura que tem sido praticado e desenvolvido ao longo de dois mil\u00eanios e sobrevive","og_url":"https:\/\/kumihealing.com\/pt-pt\/medicina-chinesa-lagos-algarve\/","og_site_name":"Acupuncture Lagos - ancient medicine for a modern world","article_publisher":"https:\/\/www.facebook.com\/Kumi-Healing-424979000904833\/","article_modified_time":"2018-01-06T11:57:55+00:00","og_image":[{"width":1200,"height":801,"url":"https:\/\/kumihealing.com\/wp-content\/uploads\/2018\/01\/kumihealing-og-facebook.jpg","type":"image\/jpeg"}],"twitter_card":"summary_large_image","twitter_site":"@kumihealing","twitter_misc":{"Tempo estimado de leitura":"4 minutos"},"schema":{"@context":"https:\/\/schema.org","@graph":[{"@type":"WebPage","@id":"https:\/\/kumihealing.com\/pt-pt\/medicina-chinesa-lagos-algarve\/","url":"https:\/\/kumihealing.com\/pt-pt\/medicina-chinesa-lagos-algarve\/","name":"Medicina Chinesa e Acupuntura - saiba mais sobre o valor da acupuntura","isPartOf":{"@id":"https:\/\/kumihealing.com\/#website"},"datePublished":"2016-12-22T02:07:54+00:00","dateModified":"2018-01-06T11:57:55+00:00","description":"A medicina chinesa originou-se na China e \u00e9 um sistema antigo e coerente de cura que tem sido praticado e desenvolvido ao longo de dois mil\u00eanios e sobrevive","breadcrumb":{"@id":"https:\/\/kumihealing.com\/pt-pt\/medicina-chinesa-lagos-algarve\/#breadcrumb"},"inLanguage":"pt-PT","potentialAction":[{"@type":"ReadAction","target":["https:\/\/kumihealing.com\/pt-pt\/medicina-chinesa-lagos-algarve\/"]}]},{"@type":"BreadcrumbList","@id":"https:\/\/kumihealing.com\/pt-pt\/medicina-chinesa-lagos-algarve\/#breadcrumb","itemListElement":[{"@type":"ListItem","position":1,"name":"Home","item":"https:\/\/kumihealing.com\/pt-pt\/"},{"@type":"ListItem","position":2,"name":"Medicina Chinesa"}]},{"@type":"WebSite","@id":"https:\/\/kumihealing.com\/#website","url":"https:\/\/kumihealing.com\/","name":"Acupuncture Lagos - ancient medicine for a modern world","description":"Acupuncture Lagos - Welcome to Kumi Healing, a traditional acupuncture practice in the heart of Lagos to help you get well and stay well all year round.","publisher":{"@id":"https:\/\/kumihealing.com\/#organization"},"potentialAction":[{"@type":"SearchAction","target":{"@type":"EntryPoint","urlTemplate":"https:\/\/kumihealing.com\/?s={search_term_string}"},"query-input":{"@type":"PropertyValueSpecification","valueRequired":true,"valueName":"search_term_string"}}],"inLanguage":"pt-PT"},{"@type":"Organization","@id":"https:\/\/kumihealing.com\/#organization","name":"Kumi Healing","url":"https:\/\/kumihealing.com\/","logo":{"@type":"ImageObject","inLanguage":"pt-PT","@id":"https:\/\/kumihealing.com\/#\/schema\/logo\/image\/","url":"https:\/\/kumihealing.com\/wp-content\/uploads\/2017\/03\/Logo_kumihealing_1.png","contentUrl":"https:\/\/kumihealing.com\/wp-content\/uploads\/2017\/03\/Logo_kumihealing_1.png","width":1167,"height":332,"caption":"Kumi Healing"},"image":{"@id":"https:\/\/kumihealing.com\/#\/schema\/logo\/image\/"},"sameAs":["https:\/\/www.facebook.com\/Kumi-Healing-424979000904833\/","https:\/\/x.com\/kumihealing"]}]}},"_links":{"self":[{"href":"https:\/\/kumihealing.com\/pt-pt\/wp-json\/wp\/v2\/pages\/3534","targetHints":{"allow":["GET"]}}],"collection":[{"href":"https:\/\/kumihealing.com\/pt-pt\/wp-json\/wp\/v2\/pages"}],"about":[{"href":"https:\/\/kumihealing.com\/pt-pt\/wp-json\/wp\/v2\/types\/page"}],"author":[{"embeddable":true,"href":"https:\/\/kumihealing.com\/pt-pt\/wp-json\/wp\/v2\/users\/1"}],"replies":[{"embeddable":true,"href":"https:\/\/kumihealing.com\/pt-pt\/wp-json\/wp\/v2\/comments?post=3534"}],"version-history":[{"count":10,"href":"https:\/\/kumihealing.com\/pt-pt\/wp-json\/wp\/v2\/pages\/3534\/revisions"}],"predecessor-version":[{"id":4177,"href":"https:\/\/kumihealing.com\/pt-pt\/wp-json\/wp\/v2\/pages\/3534\/revisions\/4177"}],"wp:attachment":[{"href":"https:\/\/kumihealing.com\/pt-pt\/wp-json\/wp\/v2\/media?parent=3534"}],"curies":[{"name":"wp","href":"https:\/\/api.w.org\/{rel}","templated":true}]}}