{"id":3532,"date":"2016-12-22T12:28:36","date_gmt":"2016-12-22T11:28:36","guid":{"rendered":"https:\/\/kumihealing.com\/consulta-mtc-acupunctura-lagos\/"},"modified":"2018-01-06T13:12:27","modified_gmt":"2018-01-06T12:12:27","slug":"consulta-mtc-acupunctura-lagos","status":"publish","type":"page","link":"https:\/\/kumihealing.com\/pt-pt\/consulta-mtc-acupunctura-lagos\/","title":{"rendered":"A Consulta"},"content":{"rendered":"[vc_row type=&#8221;in_container&#8221; full_screen_row_position=&#8221;middle&#8221; scene_position=&#8221;center&#8221; text_color=&#8221;dark&#8221; text_align=&#8221;left&#8221; top_padding=&#8221;50&#8243; bottom_padding=&#8221;50&#8243; overlay_strength=&#8221;0.3&#8243;][vc_column column_padding=&#8221;no-extra-padding&#8221; column_padding_position=&#8221;all&#8221; background_color_opacity=&#8221;1&#8243; background_hover_color_opacity=&#8221;1&#8243; width=&#8221;1\/1&#8243; tablet_text_alignment=&#8221;default&#8221; phone_text_alignment=&#8221;default&#8221;][vc_column_text]\n<h1>A primeira consulta<\/h1>\n[\/vc_column_text][divider line_type=&#8221;No Line&#8221; custom_height=&#8221;30&#8243;][vc_column_text]Durante a sua primeira consulta o m\u00e9dico ir\u00e1 determinar o seu padr\u00e3o personalizado atrav\u00e9s de um diagn\u00f3stico cuidadoso usando m\u00e9todos de diagn\u00f3stico da <a href=\"https:\/\/kumihealing.com\/pt-pt\/medicina-chinesa-lagos-algarve\/\">medicina chinesa<\/a>.<\/p>\n<p>O m\u00e9dico come\u00e7a por lhe fazer perguntas aprofundadas sobre a sua hist\u00f3ria m\u00e9dica, incluindo antecedentes familiares, estilo de vida e dieta. Seguidamente sera examinada a l\u00edngua, os pulsos e apalpado \u00e1reas dolorosas do corpo, a fim de determinar o padr\u00e3o, e elaborar um plano de tratamento em causa.<\/p>\n<div class=\"wpb_text_column wpb_content_element \">\n<div class=\"wpb_wrapper\">\n<p><img loading=\"lazy\" decoding=\"async\" class=\"alignright\" src=\"https:\/\/kumihealing.com\/wp-content\/uploads\/2016\/12\/Acupuncture-tcm-consultation-lagos.jpg\" alt=\"Acupuncture tcm consultation lagos\" width=\"650\" height=\"433\" \/><\/p>\n<\/div>\n<\/div>\n<p>Antes do <a href=\"https:\/\/kumihealing.com\/pt-pt\/metodos-tratamento-mtc-lagos-algarve\/\">tratamento<\/a>, o paciente ser\u00e1 solicitado a assinar um formul\u00e1rio de consentimento. Para o tratamento agulhas finas e solidas ser\u00e3o inseridas em pontos de <a href=\"https:\/\/kumihealing.com\/pt-pt\/treatments\/acupunctura-lagos-algarve\/\">acupunctura<\/a> especificamente selecionados. Na inser\u00e7\u00e3o, com ou sem um tubo de guia, pode-se sentir uma picada leve e uma sensa\u00e7\u00e3o de entorpecimento ou formigamento quando o <a href=\"https:\/\/kumihealing.com\/pt-pt\/filosofia-teoria-chinesa-medicina\/\">qi<\/a> chega e agarra a agulha (denominado \u2018de qi\u2019), mas n\u00e3o \u00e9 ingovern\u00e1vel e dura apenas alguns segundos.<\/p>\n<p>Outras t\u00e9cnicas, como <a href=\"https:\/\/kumihealing.com\/pt-pt\/treatments\/moxabustao-moxa-medicina-chinesa-lagos-algarve\/\">moxabust\u00e3o<\/a>, <a href=\"https:\/\/kumihealing.com\/pt-pt\/treatments\/tui-na-massagem-medicina-chinesa-lagos-algarve\/\">tui na<\/a> (massagem chinesa), <a href=\"https:\/\/kumihealing.com\/treatments\/guasha-lagos-algarve\/\">gua sha<\/a> (raspadura terap\u00eautica) ou <a href=\"https:\/\/kumihealing.com\/pt-pt\/treatments\/ventosaterapia-mtc-medicina-traditional-chinesa-lagos-algarve\/\">ventosaterapia<\/a> s\u00e3o comummente usadas em conjunto com a acupunctura.<\/p>\n<p>Durante a consulta, que dura aproximadamente uma a uma hora e meia, a presen\u00e7a e aten\u00e7\u00e3o do m\u00e9dico \u00e9 exclusivamente dedicada ao seu tratamento.<\/p>\n<p>A acupunctura pode fazer o paciente sentir-se pac\u00edfico, calmo e relaxado ou energizado. Mas, ocasionalmente, voc\u00ea pode sentir sonol\u00eancia, por isso \u00e9 melhor evitar quaisquer atividades vigorosas para um par de horas ap\u00f3s o tratamento. Outros efeitos colaterais podem incluir tontura leve e pequenos hematomas locais. Todas essas rea\u00e7\u00f5es s\u00e3o de curta dura\u00e7\u00e3o[\/vc_column_text][\/vc_column][\/vc_row][vc_row type=&#8221;full_width_background&#8221; full_screen_row_position=&#8221;middle&#8221; bg_color=&#8221;#ffffff&#8221; scene_position=&#8221;center&#8221; text_color=&#8221;dark&#8221; text_align=&#8221;left&#8221; top_padding=&#8221;50&#8243; bottom_padding=&#8221;50&#8243; overlay_strength=&#8221;0.3&#8243;][vc_column column_padding=&#8221;no-extra-padding&#8221; column_padding_position=&#8221;all&#8221; background_color_opacity=&#8221;1&#8243; background_hover_color_opacity=&#8221;1&#8243; width=&#8221;1\/1&#8243; tablet_text_alignment=&#8221;default&#8221; phone_text_alignment=&#8221;default&#8221;][testimonial_slider style=&#8221;default&#8221;][testimonial title=&#8221;Testimonial&#8221; id=&#8221;1495313600-1-26&#8243; tab_id=&#8221;1495314185632-9&#8243; name=&#8221;Hsu Ta-ch\u2019un&#8221; quote=&#8221;A doen\u00e7a pode ser a mesma, mas as pessoas que sofrem com elas s\u00e3o diferentes.&#8221;] Click the edit button to add your testimonial. [\/testimonial][\/testimonial_slider][\/vc_column][\/vc_row][vc_row type=&#8221;full_width_background&#8221; full_screen_row_position=&#8221;middle&#8221; bg_color=&#8221;#ffffff&#8221; scene_position=&#8221;center&#8221; text_color=&#8221;dark&#8221; text_align=&#8221;left&#8221; top_padding=&#8221;50&#8243; bottom_padding=&#8221;50&#8243; overlay_strength=&#8221;0.3&#8243;][vc_column column_padding=&#8221;no-extra-padding&#8221; column_padding_position=&#8221;all&#8221; background_color_opacity=&#8221;1&#8243; background_hover_color_opacity=&#8221;1&#8243; width=&#8221;1\/2&#8243; tablet_text_alignment=&#8221;default&#8221; phone_text_alignment=&#8221;default&#8221;][image_with_animation image_url=&#8221;3351&#8243; alignment=&#8221;center&#8221; animation=&#8221;Fade In&#8221; box_shadow=&#8221;none&#8221; max_width=&#8221;100%&#8221;][\/vc_column][vc_column column_padding=&#8221;no-extra-padding&#8221; column_padding_position=&#8221;all&#8221; background_color_opacity=&#8221;1&#8243; background_hover_color_opacity=&#8221;1&#8243; width=&#8221;1\/2&#8243; tablet_text_alignment=&#8221;default&#8221; phone_text_alignment=&#8221;default&#8221;][vc_column_text]\n<h1 id=\"tw-target-text\" class=\"tw-data-text tw-ta tw-text-medium\" dir=\"ltr\" data-placeholder=\"Translation\"><span lang=\"pt\">Quantas sess\u00f5es s\u00e3o necess\u00e1rias?<\/span><\/h1>\n[\/vc_column_text][divider line_type=&#8221;No Line&#8221; custom_height=&#8221;30&#8243;][vc_column_text]<span class=\"dropcap1\"><span class=\"nectar-dropcap\" style=\" color: #353535;\">I<\/span><\/span>sso depende da natureza da sua condi\u00e7\u00e3o e das suas for\u00e7as constitucionais. Em geral, quanto mais tempo o paciente tiver a condi\u00e7\u00e3o, mais tempo pode demorar para melhorar.<\/p>\n<p>Os tratamentos s\u00e3o geralmente semanais e as mudan\u00e7as s\u00e3o sentidas principalmente ap\u00f3s quatro a seis tratamentos, embora \u00e0s vezes menos tratamentos s\u00e3o suficientes. Acupuntura funciona cumulativamente; cada tratamento se baseia no seguinte. Seu m\u00e9dico ir\u00e1 monitorar os tratamentos com cuidado para confirmar que ele corresponde \u00e0s suas necessidades e que voc\u00ea est\u00e1 satisfeito com o progresso.[\/vc_column_text][\/vc_column][\/vc_row][vc_row type=&#8221;full_width_background&#8221; full_screen_row_position=&#8221;middle&#8221; bg_color=&#8221;#ffffff&#8221; scene_position=&#8221;center&#8221; text_color=&#8221;dark&#8221; text_align=&#8221;left&#8221; top_padding=&#8221;50&#8243; bottom_padding=&#8221;50&#8243; overlay_strength=&#8221;0.3&#8243;][vc_column column_padding=&#8221;no-extra-padding&#8221; column_padding_position=&#8221;all&#8221; background_color_opacity=&#8221;1&#8243; background_hover_color_opacity=&#8221;1&#8243; width=&#8221;1\/2&#8243; tablet_text_alignment=&#8221;default&#8221; phone_text_alignment=&#8221;default&#8221;][vc_column_text]\n<h1 id=\"tw-target-text\" class=\"tw-data-text tw-ta tw-text-medium\" dir=\"ltr\" data-placeholder=\"Translation\"><span lang=\"pt\">O que devo fazer antes de vir para o tratamento?<\/span><\/h1>\n[\/vc_column_text][divider line_type=&#8221;No Line&#8221; custom_height=&#8221;30&#8243;]<div class=\"nectar-fancy-ul\" data-list-icon=\"icon-ok\" data-animation=\"true\" data-animation-delay=\"0\" data-color=\"accent-color\" data-spacing=\"default\" data-alignment=\"left\"> \n<ul>\n<li>Evite \u00e1lcool, caf\u00e9 e alimentos e bebidas (por exemplo, vinho tinto) que podem colorir a sua l\u00edngua.<\/li>\n<li>Tente nem ter o est\u00f4mago vazio nem o est\u00f4mago cheio imediatamente antes do tratamento.<\/li>\n<li>Usar roupas soltas porque as agulhas podem ser colocados em qualquer lugar do corpo.<\/li>\n<\/ul>\n <\/div>[\/vc_column][vc_column column_padding=&#8221;no-extra-padding&#8221; column_padding_position=&#8221;all&#8221; background_color_opacity=&#8221;1&#8243; background_hover_color_opacity=&#8221;1&#8243; width=&#8221;1\/2&#8243; tablet_text_alignment=&#8221;default&#8221; phone_text_alignment=&#8221;default&#8221;][image_with_animation image_url=&#8221;3354&#8243; alignment=&#8221;center&#8221; animation=&#8221;Fade In&#8221; box_shadow=&#8221;none&#8221; max_width=&#8221;100%&#8221;][\/vc_column][\/vc_row][vc_row type=&#8221;full_width_background&#8221; full_screen_row_position=&#8221;middle&#8221; scene_position=&#8221;center&#8221; text_color=&#8221;dark&#8221; text_align=&#8221;left&#8221; top_padding=&#8221;50&#8243; bottom_padding=&#8221;50&#8243; overlay_strength=&#8221;0.3&#8243;][vc_column column_padding=&#8221;no-extra-padding&#8221; column_padding_position=&#8221;all&#8221; background_color_opacity=&#8221;1&#8243; background_hover_color_opacity=&#8221;1&#8243; width=&#8221;2\/3&#8243; tablet_text_alignment=&#8221;default&#8221; phone_text_alignment=&#8221;default&#8221;][vc_column_text]\n<h1>Sinta-se harmonioso e saud\u00e1vel!<\/h1>\n[\/vc_column_text][\/vc_column][vc_column column_padding=&#8221;no-extra-padding&#8221; column_padding_position=&#8221;all&#8221; background_color_opacity=&#8221;1&#8243; background_hover_color_opacity=&#8221;1&#8243; width=&#8221;1\/3&#8243; tablet_text_alignment=&#8221;default&#8221; phone_text_alignment=&#8221;default&#8221;][nectar_btn size=&#8221;medium&#8221; button_style=&#8221;see-through-2&#8243; hover_text_color_override=&#8221;#ffffff&#8221; icon_family=&#8221;fontawesome&#8221; url=&#8221;https:\/\/kumihealing.com\/pt-pt\/contactos-acupunctura-algarve\/&#8221; text=&#8221;Marque a sua consulta&#8221; icon_fontawesome=&#8221;fa fa-calendar&#8221;][\/vc_column][\/vc_row]\n","protected":false},"excerpt":{"rendered":"<p>[vc_row type=&#8221;in_container&#8221; full_screen_row_position=&#8221;middle&#8221; scene_position=&#8221;center&#8221; text_color=&#8221;dark&#8221; text_align=&#8221;left&#8221; top_padding=&#8221;50&#8243; bottom_padding=&#8221;50&#8243; overlay_strength=&#8221;0.3&#8243;][vc_column column_padding=&#8221;no-extra-padding&#8221; column_padding_position=&#8221;all&#8221; background_color_opacity=&#8221;1&#8243; background_hover_color_opacity=&#8221;1&#8243; width=&#8221;1\/1&#8243; tablet_text_alignment=&#8221;default&#8221; phone_text_alignment=&#8221;default&#8221;][vc_column_text] A primeira consulta [\/vc_column_text][divider line_type=&#8221;No Line&#8221; custom_height=&#8221;30&#8243;][vc_column_text]Durante a sua primeira consulta o m\u00e9dico ir\u00e1&#8230;<\/p>\n","protected":false},"author":1,"featured_media":0,"parent":0,"menu_order":0,"comment_status":"closed","ping_status":"closed","template":"","meta":{"footnotes":""},"class_list":["post-3532","page","type-page","status-publish"],"yoast_head":"<!-- This site is optimized with the Yoast SEO plugin v25.1 - https:\/\/yoast.com\/wordpress\/plugins\/seo\/ -->\n<title>A primeira consulta de medicina chinesa - acupuntura em Lagos Algarve<\/title>\n<meta name=\"description\" content=\"A primeira consulta de acupuntura - Durante a sua primeira consulta o m\u00e9dico ir\u00e1 determinar o seu padr\u00e3o personalizado atrav\u00e9s de um diagn\u00f3stico cuidadoso\" \/>\n<meta name=\"robots\" content=\"index, follow, max-snippet:-1, max-image-preview:large, max-video-preview:-1\" \/>\n<link rel=\"canonical\" href=\"https:\/\/kumihealing.com\/pt-pt\/consulta-mtc-acupunctura-lagos\/\" \/>\n<meta property=\"og:locale\" content=\"pt_PT\" \/>\n<meta property=\"og:type\" content=\"article\" \/>\n<meta property=\"og:title\" content=\"A primeira consulta de medicina chinesa - acupuntura em Lagos Algarve\" \/>\n<meta property=\"og:description\" content=\"A primeira consulta de acupuntura - Durante a sua primeira consulta o m\u00e9dico ir\u00e1 determinar o seu padr\u00e3o personalizado atrav\u00e9s de um diagn\u00f3stico cuidadoso\" \/>\n<meta property=\"og:url\" content=\"https:\/\/kumihealing.com\/pt-pt\/consulta-mtc-acupunctura-lagos\/\" \/>\n<meta property=\"og:site_name\" content=\"Acupuncture Lagos - ancient medicine for a modern world\" \/>\n<meta property=\"article:publisher\" content=\"https:\/\/www.facebook.com\/Kumi-Healing-424979000904833\/\" \/>\n<meta property=\"article:modified_time\" content=\"2018-01-06T12:12:27+00:00\" \/>\n<meta property=\"og:image\" content=\"https:\/\/kumihealing.com\/wp-content\/uploads\/2016\/12\/Acupuncture-tcm-consultation-lagos.jpg\" \/>\n<meta name=\"twitter:card\" content=\"summary_large_image\" \/>\n<meta name=\"twitter:site\" content=\"@kumihealing\" \/>\n<meta name=\"twitter:label1\" content=\"Tempo estimado de leitura\" \/>\n\t<meta name=\"twitter:data1\" content=\"5 minutos\" \/>\n<script type=\"application\/ld+json\" class=\"yoast-schema-graph\">{\"@context\":\"https:\/\/schema.org\",\"@graph\":[{\"@type\":\"WebPage\",\"@id\":\"https:\/\/kumihealing.com\/pt-pt\/consulta-mtc-acupunctura-lagos\/\",\"url\":\"https:\/\/kumihealing.com\/pt-pt\/consulta-mtc-acupunctura-lagos\/\",\"name\":\"A primeira consulta de medicina chinesa - acupuntura em Lagos Algarve\",\"isPartOf\":{\"@id\":\"https:\/\/kumihealing.com\/#website\"},\"primaryImageOfPage\":{\"@id\":\"https:\/\/kumihealing.com\/pt-pt\/consulta-mtc-acupunctura-lagos\/#primaryimage\"},\"image\":{\"@id\":\"https:\/\/kumihealing.com\/pt-pt\/consulta-mtc-acupunctura-lagos\/#primaryimage\"},\"thumbnailUrl\":\"https:\/\/kumihealing.com\/wp-content\/uploads\/2016\/12\/Acupuncture-tcm-consultation-lagos.jpg\",\"datePublished\":\"2016-12-22T11:28:36+00:00\",\"dateModified\":\"2018-01-06T12:12:27+00:00\",\"description\":\"A primeira consulta de acupuntura - Durante a sua primeira consulta o m\u00e9dico ir\u00e1 determinar o seu padr\u00e3o personalizado atrav\u00e9s de um diagn\u00f3stico cuidadoso\",\"breadcrumb\":{\"@id\":\"https:\/\/kumihealing.com\/pt-pt\/consulta-mtc-acupunctura-lagos\/#breadcrumb\"},\"inLanguage\":\"pt-PT\",\"potentialAction\":[{\"@type\":\"ReadAction\",\"target\":[\"https:\/\/kumihealing.com\/pt-pt\/consulta-mtc-acupunctura-lagos\/\"]}]},{\"@type\":\"ImageObject\",\"inLanguage\":\"pt-PT\",\"@id\":\"https:\/\/kumihealing.com\/pt-pt\/consulta-mtc-acupunctura-lagos\/#primaryimage\",\"url\":\"https:\/\/kumihealing.com\/wp-content\/uploads\/2016\/12\/Acupuncture-tcm-consultation-lagos.jpg\",\"contentUrl\":\"https:\/\/kumihealing.com\/wp-content\/uploads\/2016\/12\/Acupuncture-tcm-consultation-lagos.jpg\"},{\"@type\":\"BreadcrumbList\",\"@id\":\"https:\/\/kumihealing.com\/pt-pt\/consulta-mtc-acupunctura-lagos\/#breadcrumb\",\"itemListElement\":[{\"@type\":\"ListItem\",\"position\":1,\"name\":\"Home\",\"item\":\"https:\/\/kumihealing.com\/pt-pt\/\"},{\"@type\":\"ListItem\",\"position\":2,\"name\":\"A Consulta\"}]},{\"@type\":\"WebSite\",\"@id\":\"https:\/\/kumihealing.com\/#website\",\"url\":\"https:\/\/kumihealing.com\/\",\"name\":\"Acupuncture Lagos - ancient medicine for a modern world\",\"description\":\"Acupuncture Lagos - Welcome to Kumi Healing, a traditional acupuncture practice in the heart of Lagos to help you get well and stay well all year round.\",\"publisher\":{\"@id\":\"https:\/\/kumihealing.com\/#organization\"},\"potentialAction\":[{\"@type\":\"SearchAction\",\"target\":{\"@type\":\"EntryPoint\",\"urlTemplate\":\"https:\/\/kumihealing.com\/?s={search_term_string}\"},\"query-input\":{\"@type\":\"PropertyValueSpecification\",\"valueRequired\":true,\"valueName\":\"search_term_string\"}}],\"inLanguage\":\"pt-PT\"},{\"@type\":\"Organization\",\"@id\":\"https:\/\/kumihealing.com\/#organization\",\"name\":\"Kumi Healing\",\"url\":\"https:\/\/kumihealing.com\/\",\"logo\":{\"@type\":\"ImageObject\",\"inLanguage\":\"pt-PT\",\"@id\":\"https:\/\/kumihealing.com\/#\/schema\/logo\/image\/\",\"url\":\"https:\/\/kumihealing.com\/wp-content\/uploads\/2017\/03\/Logo_kumihealing_1.png\",\"contentUrl\":\"https:\/\/kumihealing.com\/wp-content\/uploads\/2017\/03\/Logo_kumihealing_1.png\",\"width\":1167,\"height\":332,\"caption\":\"Kumi Healing\"},\"image\":{\"@id\":\"https:\/\/kumihealing.com\/#\/schema\/logo\/image\/\"},\"sameAs\":[\"https:\/\/www.facebook.com\/Kumi-Healing-424979000904833\/\",\"https:\/\/x.com\/kumihealing\"]}]}<\/script>\n<!-- \/ Yoast SEO plugin. -->","yoast_head_json":{"title":"A primeira consulta de medicina chinesa - acupuntura em Lagos Algarve","description":"A primeira consulta de acupuntura - Durante a sua primeira consulta o m\u00e9dico ir\u00e1 determinar o seu padr\u00e3o personalizado atrav\u00e9s de um diagn\u00f3stico cuidadoso","robots":{"index":"index","follow":"follow","max-snippet":"max-snippet:-1","max-image-preview":"max-image-preview:large","max-video-preview":"max-video-preview:-1"},"canonical":"https:\/\/kumihealing.com\/pt-pt\/consulta-mtc-acupunctura-lagos\/","og_locale":"pt_PT","og_type":"article","og_title":"A primeira consulta de medicina chinesa - acupuntura em Lagos Algarve","og_description":"A primeira consulta de acupuntura - Durante a sua primeira consulta o m\u00e9dico ir\u00e1 determinar o seu padr\u00e3o personalizado atrav\u00e9s de um diagn\u00f3stico cuidadoso","og_url":"https:\/\/kumihealing.com\/pt-pt\/consulta-mtc-acupunctura-lagos\/","og_site_name":"Acupuncture Lagos - ancient medicine for a modern world","article_publisher":"https:\/\/www.facebook.com\/Kumi-Healing-424979000904833\/","article_modified_time":"2018-01-06T12:12:27+00:00","og_image":[{"url":"https:\/\/kumihealing.com\/wp-content\/uploads\/2016\/12\/Acupuncture-tcm-consultation-lagos.jpg","type":"","width":"","height":""}],"twitter_card":"summary_large_image","twitter_site":"@kumihealing","twitter_misc":{"Tempo estimado de leitura":"5 minutos"},"schema":{"@context":"https:\/\/schema.org","@graph":[{"@type":"WebPage","@id":"https:\/\/kumihealing.com\/pt-pt\/consulta-mtc-acupunctura-lagos\/","url":"https:\/\/kumihealing.com\/pt-pt\/consulta-mtc-acupunctura-lagos\/","name":"A primeira consulta de medicina chinesa - acupuntura em Lagos Algarve","isPartOf":{"@id":"https:\/\/kumihealing.com\/#website"},"primaryImageOfPage":{"@id":"https:\/\/kumihealing.com\/pt-pt\/consulta-mtc-acupunctura-lagos\/#primaryimage"},"image":{"@id":"https:\/\/kumihealing.com\/pt-pt\/consulta-mtc-acupunctura-lagos\/#primaryimage"},"thumbnailUrl":"https:\/\/kumihealing.com\/wp-content\/uploads\/2016\/12\/Acupuncture-tcm-consultation-lagos.jpg","datePublished":"2016-12-22T11:28:36+00:00","dateModified":"2018-01-06T12:12:27+00:00","description":"A primeira consulta de acupuntura - Durante a sua primeira consulta o m\u00e9dico ir\u00e1 determinar o seu padr\u00e3o personalizado atrav\u00e9s de um diagn\u00f3stico cuidadoso","breadcrumb":{"@id":"https:\/\/kumihealing.com\/pt-pt\/consulta-mtc-acupunctura-lagos\/#breadcrumb"},"inLanguage":"pt-PT","potentialAction":[{"@type":"ReadAction","target":["https:\/\/kumihealing.com\/pt-pt\/consulta-mtc-acupunctura-lagos\/"]}]},{"@type":"ImageObject","inLanguage":"pt-PT","@id":"https:\/\/kumihealing.com\/pt-pt\/consulta-mtc-acupunctura-lagos\/#primaryimage","url":"https:\/\/kumihealing.com\/wp-content\/uploads\/2016\/12\/Acupuncture-tcm-consultation-lagos.jpg","contentUrl":"https:\/\/kumihealing.com\/wp-content\/uploads\/2016\/12\/Acupuncture-tcm-consultation-lagos.jpg"},{"@type":"BreadcrumbList","@id":"https:\/\/kumihealing.com\/pt-pt\/consulta-mtc-acupunctura-lagos\/#breadcrumb","itemListElement":[{"@type":"ListItem","position":1,"name":"Home","item":"https:\/\/kumihealing.com\/pt-pt\/"},{"@type":"ListItem","position":2,"name":"A Consulta"}]},{"@type":"WebSite","@id":"https:\/\/kumihealing.com\/#website","url":"https:\/\/kumihealing.com\/","name":"Acupuncture Lagos - ancient medicine for a modern world","description":"Acupuncture Lagos - Welcome to Kumi Healing, a traditional acupuncture practice in the heart of Lagos to help you get well and stay well all year round.","publisher":{"@id":"https:\/\/kumihealing.com\/#organization"},"potentialAction":[{"@type":"SearchAction","target":{"@type":"EntryPoint","urlTemplate":"https:\/\/kumihealing.com\/?s={search_term_string}"},"query-input":{"@type":"PropertyValueSpecification","valueRequired":true,"valueName":"search_term_string"}}],"inLanguage":"pt-PT"},{"@type":"Organization","@id":"https:\/\/kumihealing.com\/#organization","name":"Kumi Healing","url":"https:\/\/kumihealing.com\/","logo":{"@type":"ImageObject","inLanguage":"pt-PT","@id":"https:\/\/kumihealing.com\/#\/schema\/logo\/image\/","url":"https:\/\/kumihealing.com\/wp-content\/uploads\/2017\/03\/Logo_kumihealing_1.png","contentUrl":"https:\/\/kumihealing.com\/wp-content\/uploads\/2017\/03\/Logo_kumihealing_1.png","width":1167,"height":332,"caption":"Kumi Healing"},"image":{"@id":"https:\/\/kumihealing.com\/#\/schema\/logo\/image\/"},"sameAs":["https:\/\/www.facebook.com\/Kumi-Healing-424979000904833\/","https:\/\/x.com\/kumihealing"]}]}},"_links":{"self":[{"href":"https:\/\/kumihealing.com\/pt-pt\/wp-json\/wp\/v2\/pages\/3532","targetHints":{"allow":["GET"]}}],"collection":[{"href":"https:\/\/kumihealing.com\/pt-pt\/wp-json\/wp\/v2\/pages"}],"about":[{"href":"https:\/\/kumihealing.com\/pt-pt\/wp-json\/wp\/v2\/types\/page"}],"author":[{"embeddable":true,"href":"https:\/\/kumihealing.com\/pt-pt\/wp-json\/wp\/v2\/users\/1"}],"replies":[{"embeddable":true,"href":"https:\/\/kumihealing.com\/pt-pt\/wp-json\/wp\/v2\/comments?post=3532"}],"version-history":[{"count":11,"href":"https:\/\/kumihealing.com\/pt-pt\/wp-json\/wp\/v2\/pages\/3532\/revisions"}],"predecessor-version":[{"id":4179,"href":"https:\/\/kumihealing.com\/pt-pt\/wp-json\/wp\/v2\/pages\/3532\/revisions\/4179"}],"wp:attachment":[{"href":"https:\/\/kumihealing.com\/pt-pt\/wp-json\/wp\/v2\/media?parent=3532"}],"curies":[{"name":"wp","href":"https:\/\/api.w.org\/{rel}","templated":true}]}}