{"id":3530,"date":"2016-12-22T02:50:57","date_gmt":"2016-12-22T01:50:57","guid":{"rendered":"https:\/\/kumihealing.com\/metodos-tratamento-mtc-lagos-algarve\/"},"modified":"2018-01-06T13:53:44","modified_gmt":"2018-01-06T12:53:44","slug":"metodos-tratamento-mtc-lagos-algarve","status":"publish","type":"page","link":"https:\/\/kumihealing.com\/pt-pt\/metodos-tratamento-mtc-lagos-algarve\/","title":{"rendered":"M\u00e9todos de tratamento"},"content":{"rendered":"[vc_row type=&#8221;in_container&#8221; full_screen_row_position=&#8221;middle&#8221; scene_position=&#8221;center&#8221; text_color=&#8221;dark&#8221; text_align=&#8221;left&#8221; top_padding=&#8221;50&#8243; bottom_padding=&#8221;50&#8243; overlay_strength=&#8221;0.3&#8243;][vc_column column_padding=&#8221;no-extra-padding&#8221; column_padding_position=&#8221;all&#8221; background_color_opacity=&#8221;1&#8243; background_hover_color_opacity=&#8221;1&#8243; width=&#8221;1\/2&#8243; tablet_text_alignment=&#8221;default&#8221; phone_text_alignment=&#8221;default&#8221;][vc_column_text]\n<h1>M\u00e9todos de tratamento<\/h1>\n[\/vc_column_text][divider line_type=&#8221;No Line&#8221; custom_height=&#8221;30&#8243;][vc_column_text]<span class=\"dropcap1\"><span class=\"nectar-dropcap\" style=\" color: #353535;\">C <\/span><\/span>inco m\u00e9todos diferentes de tratamentos t\u00eam tradicionalmente formado uma parte importante da <a href=\"https:\/\/kumihealing.com\/pt-pt\/medicina-chinesa-lagos-algarve\/\">medicina tradicional na China<\/a>. Estes incluem <a href=\"https:\/\/kumihealing.com\/pt-pt\/treatments\/acupunctura-lagos-algarve\/\">acupunctura<\/a>, fitoterapia chinesa, <a href=\"https:\/\/kumihealing.com\/pt-pt\/treatments\/tui-na-massagem-medicina-chinesa-lagos-algarve\/\">tui na<\/a> (massagem chinesa), pr\u00e1ticas f\u00edsicas (tai chi e qi gong) e dietoterapia (terapia alimentar chinesa), todos baseados nos mesmos princ\u00edpios antigos e destinados a cultivar e nutrir o <a href=\"https:\/\/kumihealing.com\/pt-pt\/filosofia-teoria-chinesa-medicina\/\">qi<\/a> (energia vital) para a sa\u00fade e longevidade. Fora destes, a acupunctura \u00e9 o tratamento mais popular no Ocidente, mostrando a efic\u00e1cia documentada para circunst\u00e2ncias tais como a dor de costas, a dor dental, as dores de cabe\u00e7a, a n\u00e1usea e o v\u00f4mito e a osteoartrite do joelho.[\/vc_column_text][divider line_type=&#8221;No Line&#8221; custom_height=&#8221;30&#8243;][vc_column_text]\n<h1 id=\"tw-target-text\" class=\"tw-data-text tw-ta tw-text-medium\" dir=\"ltr\" data-placeholder=\"Translation\"><span lang=\"pt\">Quais s\u00e3o os benef\u00edcios da acupunctura?<\/span><\/h1>\n[\/vc_column_text][divider line_type=&#8221;No Line&#8221; custom_height=&#8221;30&#8243;][vc_column_text]<span class=\"dropcap1\"><span class=\"nectar-dropcap\" style=\" color: #353535;\">M <\/span><\/span>uitas pessoas recorrem \u00e0 acupunctura por v\u00e1rias raz\u00f5es. Uns usam-na para ajudar os seus sintomas espec\u00edficos, enquanto outros escolhem como uma medida preventiva, para a manuten\u00e7\u00e3o da sa\u00fade ou para a melhoria da qualidade de vida. O tratamento visa a causa raiz da doen\u00e7a, bem como os principais sintomas, muitas vezes resultando em uma sensa\u00e7\u00e3o melhorada de bem-estar. Uma vez que visa tratar a pessoa completa pode ser eficaz numa ampla gama de condi\u00e7\u00f5es agudas e cr\u00f3nicas.[\/vc_column_text][\/vc_column][vc_column column_padding=&#8221;no-extra-padding&#8221; column_padding_position=&#8221;all&#8221; background_color_opacity=&#8221;1&#8243; background_hover_color_opacity=&#8221;1&#8243; width=&#8221;1\/2&#8243; tablet_text_alignment=&#8221;default&#8221; phone_text_alignment=&#8221;default&#8221;][image_with_animation image_url=&#8221;3321&#8243; alignment=&#8221;center&#8221; animation=&#8221;Fade In&#8221; box_shadow=&#8221;none&#8221; max_width=&#8221;100%&#8221;][\/vc_column][\/vc_row][vc_row type=&#8221;full_width_background&#8221; full_screen_row_position=&#8221;middle&#8221; bg_color=&#8221;#ffffff&#8221; scene_position=&#8221;center&#8221; text_color=&#8221;dark&#8221; text_align=&#8221;left&#8221; top_padding=&#8221;50&#8243; bottom_padding=&#8221;50&#8243; overlay_strength=&#8221;0.3&#8243;][vc_column column_padding=&#8221;no-extra-padding&#8221; column_padding_position=&#8221;all&#8221; background_color_opacity=&#8221;1&#8243; background_hover_color_opacity=&#8221;1&#8243; width=&#8221;1\/6&#8243; tablet_text_alignment=&#8221;default&#8221; phone_text_alignment=&#8221;default&#8221;][\/vc_column][vc_column column_padding=&#8221;no-extra-padding&#8221; column_padding_position=&#8221;all&#8221; background_color_opacity=&#8221;1&#8243; background_hover_color_opacity=&#8221;1&#8243; width=&#8221;2\/3&#8243; tablet_text_alignment=&#8221;default&#8221; phone_text_alignment=&#8221;default&#8221;][vc_column_text]\n<h2 style=\"text-align: center;\">Os links a seguir fornecem breves descri\u00e7\u00f5es dos tratamentos oferecidos. Note que estas t\u00e9cnicas de cura s\u00e3o constituintes de um programa hol\u00edstico adaptado \u00e0s necessidades individuais do paciente e muitas vezes usadas em conjunto, ao inv\u00e9s de\u00a0especializa\u00e7\u00f5es distintas.<\/h2>\n[\/vc_column_text][\/vc_column][vc_column column_padding=&#8221;no-extra-padding&#8221; column_padding_position=&#8221;all&#8221; background_color_opacity=&#8221;1&#8243; background_hover_color_opacity=&#8221;1&#8243; width=&#8221;1\/6&#8243; tablet_text_alignment=&#8221;default&#8221; phone_text_alignment=&#8221;default&#8221;][\/vc_column][\/vc_row][vc_row type=&#8221;full_width_background&#8221; full_screen_row_position=&#8221;middle&#8221; bg_color=&#8221;#ffffff&#8221; scene_position=&#8221;center&#8221; text_color=&#8221;dark&#8221; text_align=&#8221;left&#8221; top_padding=&#8221;90&#8243; bottom_padding=&#8221;90&#8243; overlay_strength=&#8221;0.3&#8243;][vc_column column_padding=&#8221;no-extra-padding&#8221; column_padding_position=&#8221;all&#8221; background_color_opacity=&#8221;1&#8243; background_hover_color_opacity=&#8221;1&#8243; width=&#8221;1\/1&#8243; tablet_text_alignment=&#8221;default&#8221; phone_text_alignment=&#8221;default&#8221;]\t\t\t\t\r\n\t\t\t\t\r\n\t\t\t\t\r\n\t\t\t\t<div class=\"portfolio-wrap spaced\">\r\n\t\t\t\t\t\r\n\t\t\t\t\t\t\t\t\t\t\r\n\t\t\t\t\t<span class=\"portfolio-loading  spin\">   <\/span>\r\n\t\t\t\t\t\r\n\t\t\t\t\t\t\t\t\t\t\r\n\t\t\t\t\t<div class=\"row portfolio-items no-masonry  \"  data-masonry-type=\"default\" data-ps=\"6\" data-starting-filter=\"\" data-gutter=\"default\" data-categories-to-show=\"\" data-bypass-cropping=\"\" data-lightbox-only=\"0\" data-col-num=\"elastic\">\r\n\t\t\t\t\t\t\t\t\t\t\t\t\r\n\t\t\t\t\t\t\t\t\t\t\t\t\r\n\t\t\t\t\t\t<div class=\"col elastic-portfolio-item  element tratamentos \"  data-project-cat=\"tratamentos \" data-default-color=\"true\" data-title-color=\"\" data-subtitle-color=\"\">\r\n\t\t\t\t\t\t\t\r\n\t\t\t\t\t\t\t<div class=\"inner-wrap animated\" data-animation=\"none\">\r\n\t\t\t\t\t\t\t\t\r\n\t\t\t\t\t\t\t\t\t\t\t\t\t\t\t\t\t\r\n\t\t\t\t\t\t\t\t\t<div class=\"work-item style-5\" data-custom-content=\"off\" data-text-align=\"middle\">\r\n\t\t\t\t\t\t\t\t\t\t\r\n\t\t\t\t\t\t\t\t\t\t<img decoding=\"async\" class=\"sizer skip-lazy\" src=\"https:\/\/kumihealing.com\/wp-content\/uploads\/2013\/12\/acupunctura-tradicional.lagos-algarve-mtc.jpg\" alt=\"Acupunctura\" \/><div class=\"parallaxImg\"><div class=\"parallaxImg-layer\" data-img=\"https:\/\/kumihealing.com\/wp-content\/uploads\/2013\/12\/acupunctura-tradicional.lagos-algarve-mtc.jpg\"><\/div><div class=\"parallaxImg-layer\"><div class=\"bg-overlay\"><\/div> <div class=\"work-meta\"><div class=\"inner\">\t<h4 class=\"title\"> Acupunctura<\/h4><\/div><\/div><\/div><\/div>\t\t\t\t\t\t\t\t\t\t\t\r\n\t\t\t\t\t\t\t\t\t\t\t<a href=\"https:\/\/kumihealing.com\/pt-pt\/treatments\/acupunctura-lagos-algarve\/\"><\/a>\r\n\t\t\t\t\t\t\t\t\t\t\t\r\n\t\t\t\t\t\t\t\t\t\t\t\t\t\t\t\t\t\t\t\t\r\n\t\t\t\t\t\t\t\t\t\t\r\n\t\t\t\t\t\t\t\t\t<\/div><!--work-item-->\r\n\t\t\t\t\t\t\t\t\t\r\n\t\t\t\t\t\t\t\t\t\r\n\t\t\t\t\t\t\t\t\t\r\n\t\t\t\t\t\t\t\t\t\t\t\t\t\t\t\t\r\n\t\t\t\t\t\t\t\t\r\n\t\t\t\t\t\t\t<\/div><!--\/inner-wrap-->\r\n\t\t\t\t\t\t<\/div><!--\/col-->\r\n\t\t\t\t\t\t\r\n\t\t\t\t\t\t\t\t\t\t\t\r\n\t\t\t\t\t\t\t\t\t\t\t\t\r\n\t\t\t\t\t\t<div class=\"col elastic-portfolio-item  element tratamentos \"  data-project-cat=\"tratamentos \" data-default-color=\"true\" data-title-color=\"\" data-subtitle-color=\"\">\r\n\t\t\t\t\t\t\t\r\n\t\t\t\t\t\t\t<div class=\"inner-wrap animated\" data-animation=\"none\">\r\n\t\t\t\t\t\t\t\t\r\n\t\t\t\t\t\t\t\t\t\t\t\t\t\t\t\t\t\r\n\t\t\t\t\t\t\t\t\t<div class=\"work-item style-5\" data-custom-content=\"off\" data-text-align=\"middle\">\r\n\t\t\t\t\t\t\t\t\t\t\r\n\t\t\t\t\t\t\t\t\t\t<img decoding=\"async\" class=\"sizer skip-lazy\" src=\"https:\/\/kumihealing.com\/wp-content\/uploads\/2013\/12\/moxabustao-tratamento-lagos-algarve-mtc.jpg\" alt=\"Moxabust\u00e3o\" \/><div class=\"parallaxImg\"><div class=\"parallaxImg-layer\" data-img=\"https:\/\/kumihealing.com\/wp-content\/uploads\/2013\/12\/moxabustao-tratamento-lagos-algarve-mtc.jpg\"><\/div><div class=\"parallaxImg-layer\"><div class=\"bg-overlay\"><\/div> <div class=\"work-meta\"><div class=\"inner\">\t<h4 class=\"title\"> Moxabust\u00e3o<\/h4><\/div><\/div><\/div><\/div>\t\t\t\t\t\t\t\t\t\t\t\r\n\t\t\t\t\t\t\t\t\t\t\t<a href=\"https:\/\/kumihealing.com\/pt-pt\/treatments\/moxabustao-moxa-medicina-chinesa-lagos-algarve\/\"><\/a>\r\n\t\t\t\t\t\t\t\t\t\t\t\r\n\t\t\t\t\t\t\t\t\t\t\t\t\t\t\t\t\t\t\t\t\r\n\t\t\t\t\t\t\t\t\t\t\r\n\t\t\t\t\t\t\t\t\t<\/div><!--work-item-->\r\n\t\t\t\t\t\t\t\t\t\r\n\t\t\t\t\t\t\t\t\t\r\n\t\t\t\t\t\t\t\t\t\r\n\t\t\t\t\t\t\t\t\t\t\t\t\t\t\t\t\r\n\t\t\t\t\t\t\t\t\r\n\t\t\t\t\t\t\t<\/div><!--\/inner-wrap-->\r\n\t\t\t\t\t\t<\/div><!--\/col-->\r\n\t\t\t\t\t\t\r\n\t\t\t\t\t\t\t\t\t\t\t\r\n\t\t\t\t\t\t\t\t\t\t\t\t\r\n\t\t\t\t\t\t<div class=\"col elastic-portfolio-item  element tratamentos \"  data-project-cat=\"tratamentos \" data-default-color=\"true\" data-title-color=\"\" data-subtitle-color=\"\">\r\n\t\t\t\t\t\t\t\r\n\t\t\t\t\t\t\t<div class=\"inner-wrap animated\" data-animation=\"none\">\r\n\t\t\t\t\t\t\t\t\r\n\t\t\t\t\t\t\t\t\t\t\t\t\t\t\t\t\t\r\n\t\t\t\t\t\t\t\t\t<div class=\"work-item style-5\" data-custom-content=\"off\" data-text-align=\"middle\">\r\n\t\t\t\t\t\t\t\t\t\t\r\n\t\t\t\t\t\t\t\t\t\t<img decoding=\"async\" class=\"sizer skip-lazy\" src=\"https:\/\/kumihealing.com\/wp-content\/uploads\/2013\/12\/ventosaterapia-lagos-algarve-mtc.jpg\" alt=\"Ventosaterapia\" \/><div class=\"parallaxImg\"><div class=\"parallaxImg-layer\" data-img=\"https:\/\/kumihealing.com\/wp-content\/uploads\/2013\/12\/ventosaterapia-lagos-algarve-mtc.jpg\"><\/div><div class=\"parallaxImg-layer\"><div class=\"bg-overlay\"><\/div> <div class=\"work-meta\"><div class=\"inner\">\t<h4 class=\"title\"> Ventosaterapia<\/h4><\/div><\/div><\/div><\/div>\t\t\t\t\t\t\t\t\t\t\t\r\n\t\t\t\t\t\t\t\t\t\t\t<a href=\"https:\/\/kumihealing.com\/pt-pt\/treatments\/ventosaterapia-mtc-medicina-traditional-chinesa-lagos-algarve\/\"><\/a>\r\n\t\t\t\t\t\t\t\t\t\t\t\r\n\t\t\t\t\t\t\t\t\t\t\t\t\t\t\t\t\t\t\t\t\r\n\t\t\t\t\t\t\t\t\t\t\r\n\t\t\t\t\t\t\t\t\t<\/div><!--work-item-->\r\n\t\t\t\t\t\t\t\t\t\r\n\t\t\t\t\t\t\t\t\t\r\n\t\t\t\t\t\t\t\t\t\r\n\t\t\t\t\t\t\t\t\t\t\t\t\t\t\t\t\r\n\t\t\t\t\t\t\t\t\r\n\t\t\t\t\t\t\t<\/div><!--\/inner-wrap-->\r\n\t\t\t\t\t\t<\/div><!--\/col-->\r\n\t\t\t\t\t\t\r\n\t\t\t\t\t\t\t\t\t\t\t\r\n\t\t\t\t\t\t\t\t\t\t\t\t\r\n\t\t\t\t\t\t<div class=\"col elastic-portfolio-item  element tratamentos \"  data-project-cat=\"tratamentos \" data-default-color=\"true\" data-title-color=\"\" data-subtitle-color=\"\">\r\n\t\t\t\t\t\t\t\r\n\t\t\t\t\t\t\t<div class=\"inner-wrap animated\" data-animation=\"none\">\r\n\t\t\t\t\t\t\t\t\r\n\t\t\t\t\t\t\t\t\t\t\t\t\t\t\t\t\t\r\n\t\t\t\t\t\t\t\t\t<div class=\"work-item style-5\" data-custom-content=\"off\" data-text-align=\"middle\">\r\n\t\t\t\t\t\t\t\t\t\t\r\n\t\t\t\t\t\t\t\t\t\t<img decoding=\"async\" class=\"sizer skip-lazy\" src=\"https:\/\/kumihealing.com\/wp-content\/uploads\/2013\/12\/tuina-tratamento-lagos-algarve.jpg\" alt=\"Tui Na\" \/><div class=\"parallaxImg\"><div class=\"parallaxImg-layer\" data-img=\"https:\/\/kumihealing.com\/wp-content\/uploads\/2013\/12\/tuina-tratamento-lagos-algarve.jpg\"><\/div><div class=\"parallaxImg-layer\"><div class=\"bg-overlay\"><\/div> <div class=\"work-meta\"><div class=\"inner\">\t<h4 class=\"title\"> Tui Na<\/h4><\/div><\/div><\/div><\/div>\t\t\t\t\t\t\t\t\t\t\t\r\n\t\t\t\t\t\t\t\t\t\t\t<a href=\"https:\/\/kumihealing.com\/pt-pt\/treatments\/tui-na-massagem-medicina-chinesa-lagos-algarve\/\"><\/a>\r\n\t\t\t\t\t\t\t\t\t\t\t\r\n\t\t\t\t\t\t\t\t\t\t\t\t\t\t\t\t\t\t\t\t\r\n\t\t\t\t\t\t\t\t\t\t\r\n\t\t\t\t\t\t\t\t\t<\/div><!--work-item-->\r\n\t\t\t\t\t\t\t\t\t\r\n\t\t\t\t\t\t\t\t\t\r\n\t\t\t\t\t\t\t\t\t\r\n\t\t\t\t\t\t\t\t\t\t\t\t\t\t\t\t\r\n\t\t\t\t\t\t\t\t\r\n\t\t\t\t\t\t\t<\/div><!--\/inner-wrap-->\r\n\t\t\t\t\t\t<\/div><!--\/col-->\r\n\t\t\t\t\t\t\r\n\t\t\t\t\t\t\t\t\t\t\t\r\n\t\t\t\t\t\t\t\t\t\t\t\t\r\n\t\t\t\t\t\t<div class=\"col elastic-portfolio-item  element tratamentos \"  data-project-cat=\"tratamentos \" data-default-color=\"true\" data-title-color=\"\" data-subtitle-color=\"\">\r\n\t\t\t\t\t\t\t\r\n\t\t\t\t\t\t\t<div class=\"inner-wrap animated\" data-animation=\"none\">\r\n\t\t\t\t\t\t\t\t\r\n\t\t\t\t\t\t\t\t\t\t\t\t\t\t\t\t\t\r\n\t\t\t\t\t\t\t\t\t<div class=\"work-item style-5\" data-custom-content=\"off\" data-text-align=\"middle\">\r\n\t\t\t\t\t\t\t\t\t\t\r\n\t\t\t\t\t\t\t\t\t\t<img decoding=\"async\" class=\"sizer skip-lazy\" src=\"https:\/\/kumihealing.com\/wp-content\/uploads\/2013\/12\/gua-sha-tratamento-lagos-mtc.jpg\" alt=\"Gua Sha\" \/><div class=\"parallaxImg\"><div class=\"parallaxImg-layer\" data-img=\"https:\/\/kumihealing.com\/wp-content\/uploads\/2013\/12\/gua-sha-tratamento-lagos-mtc.jpg\"><\/div><div class=\"parallaxImg-layer\"><div class=\"bg-overlay\"><\/div> <div class=\"work-meta\"><div class=\"inner\">\t<h4 class=\"title\"> Gua Sha<\/h4><\/div><\/div><\/div><\/div>\t\t\t\t\t\t\t\t\t\t\t\r\n\t\t\t\t\t\t\t\t\t\t\t<a href=\"https:\/\/kumihealing.com\/pt-pt\/treatments\/gua-sha-medicina-chinesa-acupunctura-lagos-algarve\/\"><\/a>\r\n\t\t\t\t\t\t\t\t\t\t\t\r\n\t\t\t\t\t\t\t\t\t\t\t\t\t\t\t\t\t\t\t\t\r\n\t\t\t\t\t\t\t\t\t\t\r\n\t\t\t\t\t\t\t\t\t<\/div><!--work-item-->\r\n\t\t\t\t\t\t\t\t\t\r\n\t\t\t\t\t\t\t\t\t\r\n\t\t\t\t\t\t\t\t\t\r\n\t\t\t\t\t\t\t\t\t\t\t\t\t\t\t\t\r\n\t\t\t\t\t\t\t\t\r\n\t\t\t\t\t\t\t<\/div><!--\/inner-wrap-->\r\n\t\t\t\t\t\t<\/div><!--\/col-->\r\n\t\t\t\t\t\t\r\n\t\t\t\t\t\t\t\t\t\t\r\n\t\t\t\t<\/div><!--\/portfolio-->\r\n\t\t\t<\/div><!--\/portfolio wrap-->\r\n\t\t\t\r\n\t\t\t[\/vc_column][\/vc_row][vc_row type=&#8221;full_width_background&#8221; full_screen_row_position=&#8221;middle&#8221; scene_position=&#8221;center&#8221; text_color=&#8221;dark&#8221; text_align=&#8221;left&#8221; top_padding=&#8221;50&#8243; bottom_padding=&#8221;50&#8243; overlay_strength=&#8221;0.3&#8243;][vc_column column_padding=&#8221;no-extra-padding&#8221; column_padding_position=&#8221;all&#8221; background_color_opacity=&#8221;1&#8243; background_hover_color_opacity=&#8221;1&#8243; width=&#8221;2\/3&#8243; tablet_text_alignment=&#8221;default&#8221; phone_text_alignment=&#8221;default&#8221;][vc_column_text]\n<h1>Restaure a sua sa\u00fade<\/h1>\n[\/vc_column_text][\/vc_column][vc_column column_padding=&#8221;no-extra-padding&#8221; column_padding_position=&#8221;all&#8221; background_color_opacity=&#8221;1&#8243; background_hover_color_opacity=&#8221;1&#8243; width=&#8221;1\/3&#8243; tablet_text_alignment=&#8221;default&#8221; phone_text_alignment=&#8221;default&#8221;][nectar_btn size=&#8221;medium&#8221; button_style=&#8221;see-through-2&#8243; hover_text_color_override=&#8221;#ffffff&#8221; icon_family=&#8221;fontawesome&#8221; url=&#8221;https:\/\/kumihealing.com\/pt-pt\/contactos-acupunctura-algarve\/&#8221; text=&#8221;marcar consulta&#8221; icon_fontawesome=&#8221;fa fa-calendar&#8221;][\/vc_column][\/vc_row]\n","protected":false},"excerpt":{"rendered":"<p>[vc_row type=&#8221;in_container&#8221; full_screen_row_position=&#8221;middle&#8221; scene_position=&#8221;center&#8221; text_color=&#8221;dark&#8221; text_align=&#8221;left&#8221; top_padding=&#8221;50&#8243; bottom_padding=&#8221;50&#8243; overlay_strength=&#8221;0.3&#8243;][vc_column column_padding=&#8221;no-extra-padding&#8221; column_padding_position=&#8221;all&#8221; background_color_opacity=&#8221;1&#8243; background_hover_color_opacity=&#8221;1&#8243; width=&#8221;1\/2&#8243; tablet_text_alignment=&#8221;default&#8221; phone_text_alignment=&#8221;default&#8221;][vc_column_text] M\u00e9todos de tratamento [\/vc_column_text][divider line_type=&#8221;No Line&#8221; custom_height=&#8221;30&#8243;][vc_column_text]inco m\u00e9todos diferentes de tratamentos t\u00eam tradicionalmente formado&#8230;<\/p>\n","protected":false},"author":1,"featured_media":0,"parent":0,"menu_order":0,"comment_status":"closed","ping_status":"closed","template":"","meta":{"footnotes":""},"class_list":["post-3530","page","type-page","status-publish"],"yoast_head":"<!-- This site is optimized with the Yoast SEO plugin v25.1 - https:\/\/yoast.com\/wordpress\/plugins\/seo\/ -->\n<title>M\u00e9todos de tratamentos na medicina chinesa - Acupunctura em Lagos<\/title>\n<meta name=\"description\" content=\"M\u00e9todos de tratamentos: cinco m\u00e9todos de tratamentos t\u00eam tradicionalmente formado uma parte importante da medicina tradicional na China. Estes incluem acupunctura, fitoterapia chinesa, tui na (massagem chinesa),\" \/>\n<meta name=\"robots\" content=\"index, follow, max-snippet:-1, max-image-preview:large, max-video-preview:-1\" \/>\n<link rel=\"canonical\" href=\"https:\/\/kumihealing.com\/pt-pt\/metodos-tratamento-mtc-lagos-algarve\/\" \/>\n<meta property=\"og:locale\" content=\"pt_PT\" \/>\n<meta property=\"og:type\" content=\"article\" \/>\n<meta property=\"og:title\" content=\"M\u00e9todos de tratamentos na medicina chinesa - Acupunctura em Lagos\" \/>\n<meta property=\"og:description\" content=\"M\u00e9todos de tratamentos: cinco m\u00e9todos de tratamentos t\u00eam tradicionalmente formado uma parte importante da medicina tradicional na China. Estes incluem acupunctura, fitoterapia chinesa, tui na (massagem chinesa),\" \/>\n<meta property=\"og:url\" content=\"https:\/\/kumihealing.com\/pt-pt\/metodos-tratamento-mtc-lagos-algarve\/\" \/>\n<meta property=\"og:site_name\" content=\"Acupuncture Lagos - ancient medicine for a modern world\" \/>\n<meta property=\"article:publisher\" content=\"https:\/\/www.facebook.com\/Kumi-Healing-424979000904833\/\" \/>\n<meta property=\"article:modified_time\" content=\"2018-01-06T12:53:44+00:00\" \/>\n<meta property=\"og:image\" content=\"https:\/\/kumihealing.com\/wp-content\/uploads\/2018\/01\/kumihealing-og-facebook.jpg\" \/>\n\t<meta property=\"og:image:width\" content=\"1200\" \/>\n\t<meta property=\"og:image:height\" content=\"801\" \/>\n\t<meta property=\"og:image:type\" content=\"image\/jpeg\" \/>\n<meta name=\"twitter:card\" content=\"summary_large_image\" \/>\n<meta name=\"twitter:site\" content=\"@kumihealing\" \/>\n<meta name=\"twitter:label1\" content=\"Tempo estimado de leitura\" \/>\n\t<meta name=\"twitter:data1\" content=\"4 minutos\" \/>\n<script type=\"application\/ld+json\" class=\"yoast-schema-graph\">{\"@context\":\"https:\/\/schema.org\",\"@graph\":[{\"@type\":\"WebPage\",\"@id\":\"https:\/\/kumihealing.com\/pt-pt\/metodos-tratamento-mtc-lagos-algarve\/\",\"url\":\"https:\/\/kumihealing.com\/pt-pt\/metodos-tratamento-mtc-lagos-algarve\/\",\"name\":\"M\u00e9todos de tratamentos na medicina chinesa - Acupunctura em Lagos\",\"isPartOf\":{\"@id\":\"https:\/\/kumihealing.com\/#website\"},\"datePublished\":\"2016-12-22T01:50:57+00:00\",\"dateModified\":\"2018-01-06T12:53:44+00:00\",\"description\":\"M\u00e9todos de tratamentos: cinco m\u00e9todos de tratamentos t\u00eam tradicionalmente formado uma parte importante da medicina tradicional na China. Estes incluem acupunctura, fitoterapia chinesa, tui na (massagem chinesa),\",\"breadcrumb\":{\"@id\":\"https:\/\/kumihealing.com\/pt-pt\/metodos-tratamento-mtc-lagos-algarve\/#breadcrumb\"},\"inLanguage\":\"pt-PT\",\"potentialAction\":[{\"@type\":\"ReadAction\",\"target\":[\"https:\/\/kumihealing.com\/pt-pt\/metodos-tratamento-mtc-lagos-algarve\/\"]}]},{\"@type\":\"BreadcrumbList\",\"@id\":\"https:\/\/kumihealing.com\/pt-pt\/metodos-tratamento-mtc-lagos-algarve\/#breadcrumb\",\"itemListElement\":[{\"@type\":\"ListItem\",\"position\":1,\"name\":\"Home\",\"item\":\"https:\/\/kumihealing.com\/pt-pt\/\"},{\"@type\":\"ListItem\",\"position\":2,\"name\":\"M\u00e9todos de tratamento\"}]},{\"@type\":\"WebSite\",\"@id\":\"https:\/\/kumihealing.com\/#website\",\"url\":\"https:\/\/kumihealing.com\/\",\"name\":\"Acupuncture Lagos - ancient medicine for a modern world\",\"description\":\"Acupuncture Lagos - Welcome to Kumi Healing, a traditional acupuncture practice in the heart of Lagos to help you get well and stay well all year round.\",\"publisher\":{\"@id\":\"https:\/\/kumihealing.com\/#organization\"},\"potentialAction\":[{\"@type\":\"SearchAction\",\"target\":{\"@type\":\"EntryPoint\",\"urlTemplate\":\"https:\/\/kumihealing.com\/?s={search_term_string}\"},\"query-input\":{\"@type\":\"PropertyValueSpecification\",\"valueRequired\":true,\"valueName\":\"search_term_string\"}}],\"inLanguage\":\"pt-PT\"},{\"@type\":\"Organization\",\"@id\":\"https:\/\/kumihealing.com\/#organization\",\"name\":\"Kumi Healing\",\"url\":\"https:\/\/kumihealing.com\/\",\"logo\":{\"@type\":\"ImageObject\",\"inLanguage\":\"pt-PT\",\"@id\":\"https:\/\/kumihealing.com\/#\/schema\/logo\/image\/\",\"url\":\"https:\/\/kumihealing.com\/wp-content\/uploads\/2017\/03\/Logo_kumihealing_1.png\",\"contentUrl\":\"https:\/\/kumihealing.com\/wp-content\/uploads\/2017\/03\/Logo_kumihealing_1.png\",\"width\":1167,\"height\":332,\"caption\":\"Kumi Healing\"},\"image\":{\"@id\":\"https:\/\/kumihealing.com\/#\/schema\/logo\/image\/\"},\"sameAs\":[\"https:\/\/www.facebook.com\/Kumi-Healing-424979000904833\/\",\"https:\/\/x.com\/kumihealing\"]}]}<\/script>\n<!-- \/ Yoast SEO plugin. -->","yoast_head_json":{"title":"M\u00e9todos de tratamentos na medicina chinesa - Acupunctura em Lagos","description":"M\u00e9todos de tratamentos: cinco m\u00e9todos de tratamentos t\u00eam tradicionalmente formado uma parte importante da medicina tradicional na China. Estes incluem acupunctura, fitoterapia chinesa, tui na (massagem chinesa),","robots":{"index":"index","follow":"follow","max-snippet":"max-snippet:-1","max-image-preview":"max-image-preview:large","max-video-preview":"max-video-preview:-1"},"canonical":"https:\/\/kumihealing.com\/pt-pt\/metodos-tratamento-mtc-lagos-algarve\/","og_locale":"pt_PT","og_type":"article","og_title":"M\u00e9todos de tratamentos na medicina chinesa - Acupunctura em Lagos","og_description":"M\u00e9todos de tratamentos: cinco m\u00e9todos de tratamentos t\u00eam tradicionalmente formado uma parte importante da medicina tradicional na China. Estes incluem acupunctura, fitoterapia chinesa, tui na (massagem chinesa),","og_url":"https:\/\/kumihealing.com\/pt-pt\/metodos-tratamento-mtc-lagos-algarve\/","og_site_name":"Acupuncture Lagos - ancient medicine for a modern world","article_publisher":"https:\/\/www.facebook.com\/Kumi-Healing-424979000904833\/","article_modified_time":"2018-01-06T12:53:44+00:00","og_image":[{"width":1200,"height":801,"url":"https:\/\/kumihealing.com\/wp-content\/uploads\/2018\/01\/kumihealing-og-facebook.jpg","type":"image\/jpeg"}],"twitter_card":"summary_large_image","twitter_site":"@kumihealing","twitter_misc":{"Tempo estimado de leitura":"4 minutos"},"schema":{"@context":"https:\/\/schema.org","@graph":[{"@type":"WebPage","@id":"https:\/\/kumihealing.com\/pt-pt\/metodos-tratamento-mtc-lagos-algarve\/","url":"https:\/\/kumihealing.com\/pt-pt\/metodos-tratamento-mtc-lagos-algarve\/","name":"M\u00e9todos de tratamentos na medicina chinesa - Acupunctura em Lagos","isPartOf":{"@id":"https:\/\/kumihealing.com\/#website"},"datePublished":"2016-12-22T01:50:57+00:00","dateModified":"2018-01-06T12:53:44+00:00","description":"M\u00e9todos de tratamentos: cinco m\u00e9todos de tratamentos t\u00eam tradicionalmente formado uma parte importante da medicina tradicional na China. Estes incluem acupunctura, fitoterapia chinesa, tui na (massagem chinesa),","breadcrumb":{"@id":"https:\/\/kumihealing.com\/pt-pt\/metodos-tratamento-mtc-lagos-algarve\/#breadcrumb"},"inLanguage":"pt-PT","potentialAction":[{"@type":"ReadAction","target":["https:\/\/kumihealing.com\/pt-pt\/metodos-tratamento-mtc-lagos-algarve\/"]}]},{"@type":"BreadcrumbList","@id":"https:\/\/kumihealing.com\/pt-pt\/metodos-tratamento-mtc-lagos-algarve\/#breadcrumb","itemListElement":[{"@type":"ListItem","position":1,"name":"Home","item":"https:\/\/kumihealing.com\/pt-pt\/"},{"@type":"ListItem","position":2,"name":"M\u00e9todos de tratamento"}]},{"@type":"WebSite","@id":"https:\/\/kumihealing.com\/#website","url":"https:\/\/kumihealing.com\/","name":"Acupuncture Lagos - ancient medicine for a modern world","description":"Acupuncture Lagos - Welcome to Kumi Healing, a traditional acupuncture practice in the heart of Lagos to help you get well and stay well all year round.","publisher":{"@id":"https:\/\/kumihealing.com\/#organization"},"potentialAction":[{"@type":"SearchAction","target":{"@type":"EntryPoint","urlTemplate":"https:\/\/kumihealing.com\/?s={search_term_string}"},"query-input":{"@type":"PropertyValueSpecification","valueRequired":true,"valueName":"search_term_string"}}],"inLanguage":"pt-PT"},{"@type":"Organization","@id":"https:\/\/kumihealing.com\/#organization","name":"Kumi Healing","url":"https:\/\/kumihealing.com\/","logo":{"@type":"ImageObject","inLanguage":"pt-PT","@id":"https:\/\/kumihealing.com\/#\/schema\/logo\/image\/","url":"https:\/\/kumihealing.com\/wp-content\/uploads\/2017\/03\/Logo_kumihealing_1.png","contentUrl":"https:\/\/kumihealing.com\/wp-content\/uploads\/2017\/03\/Logo_kumihealing_1.png","width":1167,"height":332,"caption":"Kumi Healing"},"image":{"@id":"https:\/\/kumihealing.com\/#\/schema\/logo\/image\/"},"sameAs":["https:\/\/www.facebook.com\/Kumi-Healing-424979000904833\/","https:\/\/x.com\/kumihealing"]}]}},"_links":{"self":[{"href":"https:\/\/kumihealing.com\/pt-pt\/wp-json\/wp\/v2\/pages\/3530","targetHints":{"allow":["GET"]}}],"collection":[{"href":"https:\/\/kumihealing.com\/pt-pt\/wp-json\/wp\/v2\/pages"}],"about":[{"href":"https:\/\/kumihealing.com\/pt-pt\/wp-json\/wp\/v2\/types\/page"}],"author":[{"embeddable":true,"href":"https:\/\/kumihealing.com\/pt-pt\/wp-json\/wp\/v2\/users\/1"}],"replies":[{"embeddable":true,"href":"https:\/\/kumihealing.com\/pt-pt\/wp-json\/wp\/v2\/comments?post=3530"}],"version-history":[{"count":10,"href":"https:\/\/kumihealing.com\/pt-pt\/wp-json\/wp\/v2\/pages\/3530\/revisions"}],"predecessor-version":[{"id":4183,"href":"https:\/\/kumihealing.com\/pt-pt\/wp-json\/wp\/v2\/pages\/3530\/revisions\/4183"}],"wp:attachment":[{"href":"https:\/\/kumihealing.com\/pt-pt\/wp-json\/wp\/v2\/media?parent=3530"}],"curies":[{"name":"wp","href":"https:\/\/api.w.org\/{rel}","templated":true}]}}