{"id":3486,"date":"2016-12-22T14:04:58","date_gmt":"2016-12-22T13:04:58","guid":{"rendered":"https:\/\/kumihealing.com\/sobre-kumi-healing\/"},"modified":"2018-01-05T19:20:46","modified_gmt":"2018-01-05T18:20:46","slug":"sobre-kumi-healing-lagos-acupunctura","status":"publish","type":"page","link":"https:\/\/kumihealing.com\/pt-pt\/sobre-kumi-healing-lagos-acupunctura\/","title":{"rendered":"Kumi Healing"},"content":{"rendered":"[vc_row type=&#8221;in_container&#8221; full_screen_row_position=&#8221;middle&#8221; scene_position=&#8221;center&#8221; text_color=&#8221;dark&#8221; text_align=&#8221;left&#8221; top_padding=&#8221;50&#8243; bottom_padding=&#8221;50&#8243; overlay_strength=&#8221;0.3&#8243;][vc_column column_padding=&#8221;no-extra-padding&#8221; column_padding_position=&#8221;all&#8221; background_color_opacity=&#8221;1&#8243; background_hover_color_opacity=&#8221;1&#8243; width=&#8221;1\/2&#8243; tablet_text_alignment=&#8221;default&#8221; phone_text_alignment=&#8221;default&#8221;][vc_column_text]\n<h1>Kumi Healing<\/h1>\n[\/vc_column_text][divider line_type=&#8221;No Line&#8221; custom_height=&#8221;30&#8243;][vc_column_text]<span class=\"dropcap1\"><span class=\"nectar-dropcap\" style=\" color: #353535;\">K<\/span><\/span><span lang=\"pt\">umi Healing \u00e9 a mais recente cl\u00ednica em Lagos especializada em <a href=\"https:\/\/kumihealing.com\/pt-pt\/treatments\/acupunctura-lagos-algarve\/\">acupunctura<\/a> e <a href=\"https:\/\/kumihealing.com\/pt-pt\/treatments\/moxabustao-moxa-medicina-chinesa-lagos-algarve\/\">moxabust\u00e3o<\/a>,\u00a0para ajudar a melhorar e manter a sua sa\u00fade\u00a0da maneira natural. Kumi Healing foi criada por <a href=\"https:\/\/kumihealing.com\/pt-pt\/milena-fernandes\/\">Milena Fernandes<\/a>, licenciada em Medicina Chinesa Acupunctura pela Universidade de Westminster no Reino Unido.\u00a0<\/span><\/p>\n<p><span class=\"dropcap1\">O\u00a0<\/span>nome Kumi \u00e9 ambos, de origem japonesa e persa e significa a beleza eterna e a sa\u00fade perfeita respectivamente. A palavra Kumi foi escolhida por seu som claro, seus significados e a s\u00edlaba mi, as duas primeiras letras de Milena.<\/p>\n<p>A filosofia na Kumi Healing \u00e9 criar um espa\u00e7o tranquilo e nutrir uma rela\u00e7\u00e3o terap\u00eautica entre o paciente e o praticante para facilitar a cura. Tranquilidade significa an-ning em chin\u00eas e ainda traduz como livre de preocupa\u00e7\u00e3o, boa sa\u00fade e bem-estar.<\/p>\n<p>A <a href=\"https:\/\/kumihealing.com\/pt-pt\/medicina-chinesa-lagos-algarve\/\">medicina chinesa<\/a> \u00e9 considerada uma arte, mas tamb\u00e9m uma ci\u00eancia que incorpora uma sutil mistura de sensibilidade, compreens\u00e3o e intui\u00e7\u00e3o. Na Kumi Healing a tradi\u00e7\u00e3o aut\u00eantica de uma hist\u00f3ria de dois mil anos \u00e9 combinada e integrada com as modernas mudan\u00e7as na medicina para preservar e melhorar a sa\u00fade atrav\u00e9s da transforma\u00e7\u00e3o e mudan\u00e7a de condi\u00e7\u00f5es, enquanto desenvolve a consci\u00eancia dos fatores ambientais e do estilo de vida[\/vc_column_text][vc_row_inner text_align=&#8221;left&#8221;][vc_column_inner column_padding=&#8221;no-extra-padding&#8221; column_padding_position=&#8221;all&#8221; background_color_opacity=&#8221;1&#8243; width=&#8221;1\/1&#8243;][\/vc_column_inner][\/vc_row_inner][\/vc_column][vc_column column_padding=&#8221;no-extra-padding&#8221; column_padding_position=&#8221;all&#8221; background_color_opacity=&#8221;1&#8243; background_hover_color_opacity=&#8221;1&#8243; width=&#8221;1\/2&#8243; tablet_text_alignment=&#8221;default&#8221; phone_text_alignment=&#8221;default&#8221;][image_with_animation image_url=&#8221;3307&#8243; alignment=&#8221;center&#8221; animation=&#8221;Fade In&#8221; box_shadow=&#8221;none&#8221; max_width=&#8221;100%&#8221;][\/vc_column][\/vc_row][vc_row type=&#8221;in_container&#8221; full_screen_row_position=&#8221;middle&#8221; scene_position=&#8221;center&#8221; text_color=&#8221;dark&#8221; text_align=&#8221;left&#8221; overlay_strength=&#8221;0.3&#8243;][vc_column column_padding=&#8221;no-extra-padding&#8221; column_padding_position=&#8221;all&#8221; background_color_opacity=&#8221;1&#8243; background_hover_color_opacity=&#8221;1&#8243; width=&#8221;1\/1&#8243; tablet_text_alignment=&#8221;default&#8221; phone_text_alignment=&#8221;default&#8221;][divider line_type=&#8221;Full Width Line&#8221; line_thickness=&#8221;1&#8243; divider_color=&#8221;default&#8221;][\/vc_column][\/vc_row][vc_row type=&#8221;in_container&#8221; full_screen_row_position=&#8221;middle&#8221; scene_position=&#8221;center&#8221; text_color=&#8221;dark&#8221; text_align=&#8221;left&#8221; overlay_strength=&#8221;0.3&#8243;][vc_column column_padding=&#8221;no-extra-padding&#8221; column_padding_position=&#8221;all&#8221; background_color_opacity=&#8221;1&#8243; background_hover_color_opacity=&#8221;1&#8243; width=&#8221;1\/6&#8243; tablet_text_alignment=&#8221;default&#8221; phone_text_alignment=&#8221;default&#8221;][\/vc_column][vc_column column_padding=&#8221;no-extra-padding&#8221; column_padding_position=&#8221;all&#8221; background_color_opacity=&#8221;1&#8243; background_hover_color_opacity=&#8221;1&#8243; width=&#8221;2\/3&#8243; tablet_text_alignment=&#8221;default&#8221; phone_text_alignment=&#8221;default&#8221;][vc_column_text]\n<h1 style=\"text-align: center;\">&#8220;O mundo n\u00e3o precisa de mais pessoas bem-sucedidas, o mundo necessita desesperadamente de mais pacificadores e curandeiros, restauradores e contadores de hist\u00f3rias e amantes de todos os tipos.&#8221;<\/h1>\n<p>&nbsp;<\/p>\n<h2 style=\"text-align: center;\">Dalai Lama<\/h2>\n[\/vc_column_text][\/vc_column][vc_column column_padding=&#8221;no-extra-padding&#8221; column_padding_position=&#8221;all&#8221; background_color_opacity=&#8221;1&#8243; background_hover_color_opacity=&#8221;1&#8243; width=&#8221;1\/6&#8243; tablet_text_alignment=&#8221;default&#8221; phone_text_alignment=&#8221;default&#8221;][\/vc_column][\/vc_row][vc_row type=&#8221;full_width_background&#8221; full_screen_row_position=&#8221;middle&#8221; bg_color=&#8221;#ffffff&#8221; scene_position=&#8221;center&#8221; text_color=&#8221;dark&#8221; text_align=&#8221;left&#8221; top_padding=&#8221;50&#8243; bottom_padding=&#8221;50&#8243; overlay_strength=&#8221;0.3&#8243;][vc_column column_padding=&#8221;no-extra-padding&#8221; column_padding_position=&#8221;all&#8221; background_color_opacity=&#8221;1&#8243; background_hover_color_opacity=&#8221;1&#8243; width=&#8221;1\/1&#8243; tablet_text_alignment=&#8221;default&#8221; phone_text_alignment=&#8221;default&#8221;][vc_column_text]\n<p style=\"text-align: center;\">ELOGIOS<\/p>\n<h1 style=\"text-align: center;\">Cita\u00e7\u00f5es<\/h1>\n[\/vc_column_text][vc_row_inner text_align=&#8221;left&#8221;][vc_column_inner column_padding=&#8221;no-extra-padding&#8221; column_padding_position=&#8221;all&#8221; background_color_opacity=&#8221;1&#8243; width=&#8221;1\/1&#8243;][\/vc_column_inner][\/vc_row_inner][testimonial_slider style=&#8221;default&#8221;][testimonial title=&#8221;Testimonial&#8221; id=&#8221;1482411453-1-70&#8243; tab_id=&#8221;1482411751579-6&#8243; name=&#8221;Laura, Bexleyheath, UK&#8221; quote=&#8221;Obrigado por toda a sua ajuda e conselho este ano, voc\u00e9 realmente ajudou-me a pensar e aprender mais sobre mim. Estou ansiosa para mais em 2016.&#8221;] Click the edit button to add your testimonial. [\/testimonial][testimonial title=&#8221;Testimonial&#8221; id=&#8221;1482411453-2-93&#8243; tab_id=&#8221;1482411751834-7&#8243; name=&#8221;<i>Raymond, Professor de Drama, Londres, UK<\/i>&#8221; quote=&#8221;Obrigado por seus maravilhosos tratamentos &#8211; e sua bondade. Eu prevejo uma carreira muito bem-sucedida para voc\u00ea com sua per\u00edcia e natureza emp\u00e1tica.&#8221;] Click the edit button to add your testimonial. [\/testimonial][testimonial title=&#8221;Testimonial&#8221; id=&#8221;1482411834975-0-4&#8243; tab_id=&#8221;1482411834983-2&#8243; name=&#8221;Angela, Bexleyheath, UK&#8221; quote=&#8221;Muito obrigado por mudar a minha vida. Desejo-lhe toda a felicidade para o que o futuro reserva para voc\u00ea.&#8221;][\/testimonial][testimonial title=&#8221;Testimonial&#8221; id=&#8221;1510577583746-0-9&#8243; tab_id=&#8221;1510577583754-10&#8243; name=&#8221;Alison Hampton, Naturopata, Londres&#8221; quote=&#8221;Milena me deu acupunctura para dor lombar e energia baixa associada ao rim durante um recente inverno frio, e enquanto eu estava bastante estressada e esgotada, preparando-me para uma viagem \u00e0 \u00cdndia. Sua maneira era muito profissional, pois ela tomou uma hist\u00f3ria de caso abrangente, e eu me senti muito \u00e0 vontade e capaz de falar livremente com ela. Seu tratamento foi gentil, mas muito eficaz, e na minha experi\u00eancia de acupunctura, ela parecia fazer uso muito eficiente das agulhas. Apenas um tratamento com ela me deu energia e al\u00edvio da dor nas costas que eu precisava para me levar para a \u00cdndia! Estou ansiosa para receber mais acupunctura da Milena no meu regresso ao Reino Unido.&#8221;][\/testimonial][\/testimonial_slider][\/vc_column][\/vc_row][vc_row type=&#8221;full_width_background&#8221; full_screen_row_position=&#8221;middle&#8221; scene_position=&#8221;center&#8221; text_color=&#8221;dark&#8221; text_align=&#8221;left&#8221; top_padding=&#8221;50&#8243; bottom_padding=&#8221;50&#8243; overlay_strength=&#8221;0.3&#8243;][vc_column column_padding=&#8221;no-extra-padding&#8221; column_padding_position=&#8221;all&#8221; background_color_opacity=&#8221;1&#8243; background_hover_color_opacity=&#8221;1&#8243; width=&#8221;2\/3&#8243; tablet_text_alignment=&#8221;default&#8221; phone_text_alignment=&#8221;default&#8221;][vc_column_text]\n<h1>Desfrute de um tratamento<\/h1>\n[\/vc_column_text][\/vc_column][vc_column column_padding=&#8221;no-extra-padding&#8221; column_padding_position=&#8221;all&#8221; background_color_opacity=&#8221;1&#8243; background_hover_color_opacity=&#8221;1&#8243; width=&#8221;1\/3&#8243; tablet_text_alignment=&#8221;default&#8221; phone_text_alignment=&#8221;default&#8221;][nectar_btn size=&#8221;medium&#8221; button_style=&#8221;see-through-2&#8243; hover_text_color_override=&#8221;#ffffff&#8221; icon_family=&#8221;fontawesome&#8221; url=&#8221;https:\/\/kumihealing.com\/pt-pt\/contactos-acupunctura-algarve\/&#8221; text=&#8221;Marque a sua consulta&#8221; icon_fontawesome=&#8221;fa fa-calendar&#8221;][\/vc_column][\/vc_row]\n","protected":false},"excerpt":{"rendered":"<p>[vc_row type=&#8221;in_container&#8221; full_screen_row_position=&#8221;middle&#8221; scene_position=&#8221;center&#8221; text_color=&#8221;dark&#8221; text_align=&#8221;left&#8221; top_padding=&#8221;50&#8243; bottom_padding=&#8221;50&#8243; overlay_strength=&#8221;0.3&#8243;][vc_column column_padding=&#8221;no-extra-padding&#8221; column_padding_position=&#8221;all&#8221; background_color_opacity=&#8221;1&#8243; background_hover_color_opacity=&#8221;1&#8243; width=&#8221;1\/2&#8243; tablet_text_alignment=&#8221;default&#8221; phone_text_alignment=&#8221;default&#8221;][vc_column_text] Kumi Healing [\/vc_column_text][divider line_type=&#8221;No Line&#8221; custom_height=&#8221;30&#8243;][vc_column_text]umi Healing \u00e9 a mais recente cl\u00ednica em Lagos&#8230;<\/p>\n","protected":false},"author":1,"featured_media":0,"parent":0,"menu_order":0,"comment_status":"closed","ping_status":"closed","template":"","meta":{"footnotes":""},"class_list":["post-3486","page","type-page","status-publish"],"yoast_head":"<!-- This site is optimized with the Yoast SEO plugin v25.1 - https:\/\/yoast.com\/wordpress\/plugins\/seo\/ -->\n<title>Kumi Healing - clinica tranquila de medicina chinesa e acupunctura no centro de Lagos<\/title>\n<meta name=\"description\" content=\"Kumi Healing \u00e9 uma cl\u00ednica de medicina chinesa em Lagos especializada em acupunctura e moxabust\u00e3o, para ajudar a melhorar e manter a sua sa\u00fade da maneira natural.\" \/>\n<meta name=\"robots\" content=\"index, follow, max-snippet:-1, max-image-preview:large, max-video-preview:-1\" \/>\n<link rel=\"canonical\" href=\"https:\/\/kumihealing.com\/pt-pt\/sobre-kumi-healing-lagos-acupunctura\/\" \/>\n<meta property=\"og:locale\" content=\"pt_PT\" \/>\n<meta property=\"og:type\" content=\"article\" \/>\n<meta property=\"og:title\" content=\"Kumi Healing - clinica tranquila de medicina chinesa e acupunctura no centro de Lagos\" \/>\n<meta property=\"og:description\" content=\"Kumi Healing \u00e9 uma cl\u00ednica de medicina chinesa em Lagos especializada em acupunctura e moxabust\u00e3o, para ajudar a melhorar e manter a sua sa\u00fade da maneira natural.\" \/>\n<meta property=\"og:url\" content=\"https:\/\/kumihealing.com\/pt-pt\/sobre-kumi-healing-lagos-acupunctura\/\" \/>\n<meta property=\"og:site_name\" content=\"Acupuncture Lagos - ancient medicine for a modern world\" \/>\n<meta property=\"article:publisher\" content=\"https:\/\/www.facebook.com\/Kumi-Healing-424979000904833\/\" \/>\n<meta property=\"article:modified_time\" content=\"2018-01-05T18:20:46+00:00\" \/>\n<meta property=\"og:image\" content=\"https:\/\/kumihealing.com\/wp-content\/uploads\/2018\/01\/kumihealing-og-facebook.jpg\" \/>\n\t<meta property=\"og:image:width\" content=\"1200\" \/>\n\t<meta property=\"og:image:height\" content=\"801\" \/>\n\t<meta property=\"og:image:type\" content=\"image\/jpeg\" \/>\n<meta name=\"twitter:card\" content=\"summary_large_image\" \/>\n<meta name=\"twitter:site\" content=\"@kumihealing\" \/>\n<meta name=\"twitter:label1\" content=\"Tempo estimado de leitura\" \/>\n\t<meta name=\"twitter:data1\" content=\"5 minutos\" \/>\n<script type=\"application\/ld+json\" class=\"yoast-schema-graph\">{\"@context\":\"https:\/\/schema.org\",\"@graph\":[{\"@type\":\"WebPage\",\"@id\":\"https:\/\/kumihealing.com\/pt-pt\/sobre-kumi-healing-lagos-acupunctura\/\",\"url\":\"https:\/\/kumihealing.com\/pt-pt\/sobre-kumi-healing-lagos-acupunctura\/\",\"name\":\"Kumi Healing - clinica tranquila de medicina chinesa e acupunctura no centro de Lagos\",\"isPartOf\":{\"@id\":\"https:\/\/kumihealing.com\/#website\"},\"datePublished\":\"2016-12-22T13:04:58+00:00\",\"dateModified\":\"2018-01-05T18:20:46+00:00\",\"description\":\"Kumi Healing \u00e9 uma cl\u00ednica de medicina chinesa em Lagos especializada em acupunctura e moxabust\u00e3o, para ajudar a melhorar e manter a sua sa\u00fade da maneira natural.\",\"breadcrumb\":{\"@id\":\"https:\/\/kumihealing.com\/pt-pt\/sobre-kumi-healing-lagos-acupunctura\/#breadcrumb\"},\"inLanguage\":\"pt-PT\",\"potentialAction\":[{\"@type\":\"ReadAction\",\"target\":[\"https:\/\/kumihealing.com\/pt-pt\/sobre-kumi-healing-lagos-acupunctura\/\"]}]},{\"@type\":\"BreadcrumbList\",\"@id\":\"https:\/\/kumihealing.com\/pt-pt\/sobre-kumi-healing-lagos-acupunctura\/#breadcrumb\",\"itemListElement\":[{\"@type\":\"ListItem\",\"position\":1,\"name\":\"Home\",\"item\":\"https:\/\/kumihealing.com\/pt-pt\/\"},{\"@type\":\"ListItem\",\"position\":2,\"name\":\"Kumi Healing\"}]},{\"@type\":\"WebSite\",\"@id\":\"https:\/\/kumihealing.com\/#website\",\"url\":\"https:\/\/kumihealing.com\/\",\"name\":\"Acupuncture Lagos - ancient medicine for a modern world\",\"description\":\"Acupuncture Lagos - Welcome to Kumi Healing, a traditional acupuncture practice in the heart of Lagos to help you get well and stay well all year round.\",\"publisher\":{\"@id\":\"https:\/\/kumihealing.com\/#organization\"},\"potentialAction\":[{\"@type\":\"SearchAction\",\"target\":{\"@type\":\"EntryPoint\",\"urlTemplate\":\"https:\/\/kumihealing.com\/?s={search_term_string}\"},\"query-input\":{\"@type\":\"PropertyValueSpecification\",\"valueRequired\":true,\"valueName\":\"search_term_string\"}}],\"inLanguage\":\"pt-PT\"},{\"@type\":\"Organization\",\"@id\":\"https:\/\/kumihealing.com\/#organization\",\"name\":\"Kumi Healing\",\"url\":\"https:\/\/kumihealing.com\/\",\"logo\":{\"@type\":\"ImageObject\",\"inLanguage\":\"pt-PT\",\"@id\":\"https:\/\/kumihealing.com\/#\/schema\/logo\/image\/\",\"url\":\"https:\/\/kumihealing.com\/wp-content\/uploads\/2017\/03\/Logo_kumihealing_1.png\",\"contentUrl\":\"https:\/\/kumihealing.com\/wp-content\/uploads\/2017\/03\/Logo_kumihealing_1.png\",\"width\":1167,\"height\":332,\"caption\":\"Kumi Healing\"},\"image\":{\"@id\":\"https:\/\/kumihealing.com\/#\/schema\/logo\/image\/\"},\"sameAs\":[\"https:\/\/www.facebook.com\/Kumi-Healing-424979000904833\/\",\"https:\/\/x.com\/kumihealing\"]}]}<\/script>\n<!-- \/ Yoast SEO plugin. -->","yoast_head_json":{"title":"Kumi Healing - clinica tranquila de medicina chinesa e acupunctura no centro de Lagos","description":"Kumi Healing \u00e9 uma cl\u00ednica de medicina chinesa em Lagos especializada em acupunctura e moxabust\u00e3o, para ajudar a melhorar e manter a sua sa\u00fade da maneira natural.","robots":{"index":"index","follow":"follow","max-snippet":"max-snippet:-1","max-image-preview":"max-image-preview:large","max-video-preview":"max-video-preview:-1"},"canonical":"https:\/\/kumihealing.com\/pt-pt\/sobre-kumi-healing-lagos-acupunctura\/","og_locale":"pt_PT","og_type":"article","og_title":"Kumi Healing - clinica tranquila de medicina chinesa e acupunctura no centro de Lagos","og_description":"Kumi Healing \u00e9 uma cl\u00ednica de medicina chinesa em Lagos especializada em acupunctura e moxabust\u00e3o, para ajudar a melhorar e manter a sua sa\u00fade da maneira natural.","og_url":"https:\/\/kumihealing.com\/pt-pt\/sobre-kumi-healing-lagos-acupunctura\/","og_site_name":"Acupuncture Lagos - ancient medicine for a modern world","article_publisher":"https:\/\/www.facebook.com\/Kumi-Healing-424979000904833\/","article_modified_time":"2018-01-05T18:20:46+00:00","og_image":[{"width":1200,"height":801,"url":"https:\/\/kumihealing.com\/wp-content\/uploads\/2018\/01\/kumihealing-og-facebook.jpg","type":"image\/jpeg"}],"twitter_card":"summary_large_image","twitter_site":"@kumihealing","twitter_misc":{"Tempo estimado de leitura":"5 minutos"},"schema":{"@context":"https:\/\/schema.org","@graph":[{"@type":"WebPage","@id":"https:\/\/kumihealing.com\/pt-pt\/sobre-kumi-healing-lagos-acupunctura\/","url":"https:\/\/kumihealing.com\/pt-pt\/sobre-kumi-healing-lagos-acupunctura\/","name":"Kumi Healing - clinica tranquila de medicina chinesa e acupunctura no centro de Lagos","isPartOf":{"@id":"https:\/\/kumihealing.com\/#website"},"datePublished":"2016-12-22T13:04:58+00:00","dateModified":"2018-01-05T18:20:46+00:00","description":"Kumi Healing \u00e9 uma cl\u00ednica de medicina chinesa em Lagos especializada em acupunctura e moxabust\u00e3o, para ajudar a melhorar e manter a sua sa\u00fade da maneira natural.","breadcrumb":{"@id":"https:\/\/kumihealing.com\/pt-pt\/sobre-kumi-healing-lagos-acupunctura\/#breadcrumb"},"inLanguage":"pt-PT","potentialAction":[{"@type":"ReadAction","target":["https:\/\/kumihealing.com\/pt-pt\/sobre-kumi-healing-lagos-acupunctura\/"]}]},{"@type":"BreadcrumbList","@id":"https:\/\/kumihealing.com\/pt-pt\/sobre-kumi-healing-lagos-acupunctura\/#breadcrumb","itemListElement":[{"@type":"ListItem","position":1,"name":"Home","item":"https:\/\/kumihealing.com\/pt-pt\/"},{"@type":"ListItem","position":2,"name":"Kumi Healing"}]},{"@type":"WebSite","@id":"https:\/\/kumihealing.com\/#website","url":"https:\/\/kumihealing.com\/","name":"Acupuncture Lagos - ancient medicine for a modern world","description":"Acupuncture Lagos - Welcome to Kumi Healing, a traditional acupuncture practice in the heart of Lagos to help you get well and stay well all year round.","publisher":{"@id":"https:\/\/kumihealing.com\/#organization"},"potentialAction":[{"@type":"SearchAction","target":{"@type":"EntryPoint","urlTemplate":"https:\/\/kumihealing.com\/?s={search_term_string}"},"query-input":{"@type":"PropertyValueSpecification","valueRequired":true,"valueName":"search_term_string"}}],"inLanguage":"pt-PT"},{"@type":"Organization","@id":"https:\/\/kumihealing.com\/#organization","name":"Kumi Healing","url":"https:\/\/kumihealing.com\/","logo":{"@type":"ImageObject","inLanguage":"pt-PT","@id":"https:\/\/kumihealing.com\/#\/schema\/logo\/image\/","url":"https:\/\/kumihealing.com\/wp-content\/uploads\/2017\/03\/Logo_kumihealing_1.png","contentUrl":"https:\/\/kumihealing.com\/wp-content\/uploads\/2017\/03\/Logo_kumihealing_1.png","width":1167,"height":332,"caption":"Kumi Healing"},"image":{"@id":"https:\/\/kumihealing.com\/#\/schema\/logo\/image\/"},"sameAs":["https:\/\/www.facebook.com\/Kumi-Healing-424979000904833\/","https:\/\/x.com\/kumihealing"]}]}},"_links":{"self":[{"href":"https:\/\/kumihealing.com\/pt-pt\/wp-json\/wp\/v2\/pages\/3486","targetHints":{"allow":["GET"]}}],"collection":[{"href":"https:\/\/kumihealing.com\/pt-pt\/wp-json\/wp\/v2\/pages"}],"about":[{"href":"https:\/\/kumihealing.com\/pt-pt\/wp-json\/wp\/v2\/types\/page"}],"author":[{"embeddable":true,"href":"https:\/\/kumihealing.com\/pt-pt\/wp-json\/wp\/v2\/users\/1"}],"replies":[{"embeddable":true,"href":"https:\/\/kumihealing.com\/pt-pt\/wp-json\/wp\/v2\/comments?post=3486"}],"version-history":[{"count":10,"href":"https:\/\/kumihealing.com\/pt-pt\/wp-json\/wp\/v2\/pages\/3486\/revisions"}],"predecessor-version":[{"id":4166,"href":"https:\/\/kumihealing.com\/pt-pt\/wp-json\/wp\/v2\/pages\/3486\/revisions\/4166"}],"wp:attachment":[{"href":"https:\/\/kumihealing.com\/pt-pt\/wp-json\/wp\/v2\/media?parent=3486"}],"curies":[{"name":"wp","href":"https:\/\/api.w.org\/{rel}","templated":true}]}}